{"id":673,"date":"2026-01-29T13:34:39","date_gmt":"2026-01-29T12:34:39","guid":{"rendered":"https:\/\/houseofbeauty-byayse.de\/?post_type=product&#038;p=673"},"modified":"2026-02-02T17:16:35","modified_gmt":"2026-02-02T16:16:35","slug":"anti-aging-mit-sofort-effekt","status":"publish","type":"product","link":"https:\/\/houseofbeauty-byayse.de\/en\/product\/anti-aging-mit-sofort-effekt\/","title":{"rendered":"Anti-Aging mit Sofort-Effekt"},"content":{"rendered":"<div class=\"flex flex-col text-sm pb-25\">\n<article class=\"text-token-text-primary w-full focus:outline-none [--shadow-height:45px] has-data-writing-block:pointer-events-none has-data-writing-block:-mt-(--shadow-height) has-data-writing-block:pt-(--shadow-height) [&amp;:has([data-writing-block])&gt;*]:pointer-events-auto scroll-mt-[calc(var(--header-height)+min(200px,max(70px,20svh)))]\" dir=\"auto\" tabindex=\"-1\" data-turn-id=\"cf6b10b5-2806-47d6-83ab-3bf07c120994\" data-testid=\"conversation-turn-50\" data-scroll-anchor=\"true\" data-turn=\"assistant\">\n<div class=\"text-base my-auto mx-auto pb-10 [--thread-content-margin:--spacing(4)] @w-sm\/main:[--thread-content-margin:--spacing(6)] @w-lg\/main:[--thread-content-margin:--spacing(16)] px-(--thread-content-margin)\">\n<div class=\"[--thread-content-max-width:40rem] @w-lg\/main:[--thread-content-max-width:48rem] mx-auto max-w-(--thread-content-max-width) flex-1 group\/turn-messages focus-visible:outline-hidden relative flex w-full min-w-0 flex-col agent-turn\" tabindex=\"-1\">\n<div class=\"flex max-w-full flex-col grow\">\n<div class=\"min-h-8 text-message relative flex w-full flex-col items-end gap-2 text-start break-words whitespace-normal [.text-message+&amp;]:mt-1\" dir=\"auto\" data-message-author-role=\"assistant\" data-message-id=\"47f84356-0b73-46cc-8e69-f583c84ce171\" data-message-model-slug=\"gpt-5-2\">\n<div class=\"flex w-full flex-col gap-1 empty:hidden first:pt-[1px]\">\n<div class=\"markdown prose dark:prose-invert w-full wrap-break-word dark markdown-new-styling\">\n<h2 data-start=\"0\" data-end=\"103\"><strong data-start=\"3\" data-end=\"103\">Anti-Aging mit Sofort-Effekt \u2013 Straffung, Lifting &amp; Glow in einer Behandlung (Vor Ort im Studio)<\/strong><\/h2>\n<hr data-start=\"105\" data-end=\"108\" \/>\n<h3 data-start=\"110\" data-end=\"143\"><strong data-start=\"114\" data-end=\"143\">Ausf\u00fchrliche Beschreibung<\/strong><\/h3>\n<p data-start=\"145\" data-end=\"559\">Die Schulung <strong data-start=\"158\" data-end=\"190\">Anti-Aging mit Sofort-Effekt<\/strong> ist eine intensive <strong data-start=\"210\" data-end=\"245\">Vor-Ort-Weiterbildung im Studio<\/strong> f\u00fcr alle, die ihren Kundinnen eine Behandlung mit <strong data-start=\"296\" data-end=\"355\">direkt sichtbarem Straffungs-, Lifting- und Glow-Effekt<\/strong> anbieten m\u00f6chten. Diese Methode ist ideal f\u00fcr Kundinnen, die sich kurzfristig ein frischeres, glatteres und jugendlicher wirkendes Hautbild w\u00fcnschen \u2013 perfekt vor Events, Feiern oder besonderen Anl\u00e4ssen.<\/p>\n<p data-start=\"561\" data-end=\"913\">Du lernst Schritt f\u00fcr Schritt einen klaren, sicheren und reproduzierbaren Behandlungsablauf, den du direkt am Modell umsetzt. Dabei verstehst du, wie die Haut optimal vorbereitet wird, welche Wirkstoffe gezielt eingesetzt werden und wie du die Behandlung individuell an unterschiedliche Hautzust\u00e4nde anpasst, um sofort sichtbare Ergebnisse zu erzielen.<\/p>\n<p data-start=\"915\" data-end=\"1307\">Der Fokus liegt auf der praktischen Umsetzung unter Anleitung. Du bekommst direkte Korrekturen, entwickelst Sicherheit in Technik und Ablauf und lernst, wie du diese Behandlung effektiv in deinen Studioalltag integrierst. Ziel ist, dass du nach der Schulung eine Anti-Aging-Behandlung anbieten kannst, die deiner Kundin sofort <strong data-start=\"1242\" data-end=\"1253\">Frische<\/strong>, <strong data-start=\"1255\" data-end=\"1269\">Spannkraft<\/strong> und einen <strong data-start=\"1280\" data-end=\"1297\">gesunden Glow<\/strong> verleiht.<\/p>\n<hr data-start=\"1309\" data-end=\"1312\" \/>\n<h3 data-start=\"1314\" data-end=\"1338\"><strong data-start=\"1318\" data-end=\"1338\">Schulungsinhalte<\/strong><\/h3>\n<ul data-start=\"1340\" data-end=\"1766\">\n<li data-start=\"1340\" data-end=\"1393\">\n<p data-start=\"1342\" data-end=\"1393\">Grundlagen der Hautalterung und Spannkraftverlust<\/p>\n<\/li>\n<li data-start=\"1394\" data-end=\"1450\">\n<p data-start=\"1396\" data-end=\"1450\">Vorbereitung der Haut f\u00fcr maximale Wirkstoffaufnahme<\/p>\n<\/li>\n<li data-start=\"1451\" data-end=\"1502\">\n<p data-start=\"1453\" data-end=\"1502\">Schritt-f\u00fcr-Schritt Behandlungsablauf am Modell<\/p>\n<\/li>\n<li data-start=\"1503\" data-end=\"1553\">\n<p data-start=\"1505\" data-end=\"1553\">Auswahl und Kombination straffender Wirkstoffe<\/p>\n<\/li>\n<li data-start=\"1554\" data-end=\"1599\">\n<p data-start=\"1556\" data-end=\"1599\">Techniken f\u00fcr sichtbares Lifting und Glow<\/p>\n<\/li>\n<li data-start=\"1600\" data-end=\"1654\">\n<p data-start=\"1602\" data-end=\"1654\">Anpassung der Behandlung an verschiedene Hauttypen<\/p>\n<\/li>\n<li data-start=\"1655\" data-end=\"1711\">\n<p data-start=\"1657\" data-end=\"1711\">Sichtbares Finish f\u00fcr ein frisches, glattes Hautbild<\/p>\n<\/li>\n<li data-start=\"1712\" data-end=\"1766\">\n<p data-start=\"1714\" data-end=\"1766\">Kundenberatung und Einsatzm\u00f6glichkeiten vor Events<\/p>\n<\/li>\n<\/ul>\n<hr data-start=\"1768\" data-end=\"1771\" \/>\n<h3 data-start=\"1773\" data-end=\"1795\"><strong data-start=\"1777\" data-end=\"1795\">Deine Vorteile<\/strong><\/h3>\n<ul data-start=\"1797\" data-end=\"2130\">\n<li data-start=\"1797\" data-end=\"1848\">\n<p data-start=\"1799\" data-end=\"1848\">Direkte Praxisarbeit mit pers\u00f6nlicher Anleitung<\/p>\n<\/li>\n<li data-start=\"1849\" data-end=\"1901\">\n<p data-start=\"1851\" data-end=\"1901\">Sicherheit in Technik, Ablauf und Produkteinsatz<\/p>\n<\/li>\n<li data-start=\"1902\" data-end=\"1964\">\n<p data-start=\"1904\" data-end=\"1964\">Sofort sichtbare Straffung und Frische nach der Behandlung<\/p>\n<\/li>\n<li data-start=\"1965\" data-end=\"2025\">\n<p data-start=\"1967\" data-end=\"2025\">Ideale Zusatzbehandlung f\u00fcr Events und besondere Anl\u00e4sse<\/p>\n<\/li>\n<li data-start=\"2026\" data-end=\"2079\">\n<p data-start=\"2028\" data-end=\"2079\">Hohe Kundenzufriedenheit durch direkte Ergebnisse<\/p>\n<\/li>\n<li data-start=\"2080\" data-end=\"2130\">\n<p data-start=\"2082\" data-end=\"2130\">Direkt umsetzbares Wissen f\u00fcr den Studioalltag<\/p>\n<\/li>\n<\/ul>\n<hr data-start=\"2132\" data-end=\"2135\" \/>\n<h3 data-start=\"2137\" data-end=\"2172\"><strong data-start=\"2141\" data-end=\"2172\">Im Schulungspaket enthalten<\/strong><\/h3>\n<ul data-start=\"2174\" data-end=\"2453\">\n<li data-start=\"2174\" data-end=\"2233\">\n<p data-start=\"2176\" data-end=\"2233\">Vor-Ort-Schulung Anti-Aging mit Sofort-Effekt im Studio<\/p>\n<\/li>\n<li data-start=\"2234\" data-end=\"2258\">\n<p data-start=\"2236\" data-end=\"2258\"><strong data-start=\"2236\" data-end=\"2256\">Praxis am Modell<\/strong><\/p>\n<\/li>\n<li data-start=\"2259\" data-end=\"2308\">\n<p data-start=\"2261\" data-end=\"2308\">Pers\u00f6nliche Betreuung und direkte Korrekturen<\/p>\n<\/li>\n<li data-start=\"2309\" data-end=\"2365\">\n<p data-start=\"2311\" data-end=\"2365\">Strukturierter Behandlungsablauf Schritt f\u00fcr Schritt<\/p>\n<\/li>\n<li data-start=\"2366\" data-end=\"2396\">\n<p data-start=\"2368\" data-end=\"2396\">Produkt- &amp; Technikschulung<\/p>\n<\/li>\n<li data-start=\"2397\" data-end=\"2453\">\n<p data-start=\"2399\" data-end=\"2453\">Zeit f\u00fcr individuelle Fragen und intensive Betreuung<\/p>\n<\/li>\n<\/ul>\n<hr data-start=\"2455\" data-end=\"2458\" \/>\n<h3 data-start=\"2460\" data-end=\"2504\"><strong data-start=\"2464\" data-end=\"2504\">F\u00fcr wen ist diese Schulung geeignet?<\/strong><\/h3>\n<ul data-start=\"2506\" data-end=\"2727\">\n<li data-start=\"2506\" data-end=\"2552\">\n<p data-start=\"2508\" data-end=\"2552\">Kosmetikerinnen &amp; Beautydienstleisterinnen<\/p>\n<\/li>\n<li data-start=\"2553\" data-end=\"2620\">\n<p data-start=\"2555\" data-end=\"2620\">Studios, die effektive Anti-Aging-Behandlungen anbieten m\u00f6chten<\/p>\n<\/li>\n<li data-start=\"2621\" data-end=\"2675\">\n<p data-start=\"2623\" data-end=\"2675\">Anf\u00e4ngerinnen mit Grundkenntnissen in der Kosmetik<\/p>\n<\/li>\n<li data-start=\"2676\" data-end=\"2727\">\n<p data-start=\"2678\" data-end=\"2727\">Fortgeschrittene zur Erweiterung ihres Angebots<\/p>\n<\/li>\n<\/ul>\n<hr data-start=\"2729\" data-end=\"2732\" \/>\n<p data-start=\"2734\" data-end=\"2972\" data-is-last-node=\"\" data-is-only-node=\"\">Diese Schulung ist ideal f\u00fcr alle, die ihren Kundinnen eine Behandlung anbieten m\u00f6chten, die sofort sichtbar <strong data-start=\"2843\" data-end=\"2854\">strafft<\/strong>, <strong data-start=\"2856\" data-end=\"2866\">liftet<\/strong> und einen <strong data-start=\"2877\" data-end=\"2898\">jugendlichen Glow<\/strong> verleiht \u2013 professionell, praxisnah und direkt umsetzbar im Studioalltag.<\/p>\n<\/div>\n<\/div>\n<\/div>\n<\/div>\n<\/div>\n<\/div>\n<\/article>\n<\/div>\n","protected":false},"excerpt":{"rendered":"<p>Straffende Behandlung mit sofort sichtbarem Lifting- und Glow-Effekt &#8211; ideal f\u00fcr Events und schnelle Ergebnisse<\/p>","protected":false},"featured_media":887,"template":"","meta":[],"product_brand":[],"product_cat":[33],"product_tag":[],"class_list":{"0":"post-673","1":"product","2":"type-product","3":"status-publish","4":"has-post-thumbnail","6":"product_cat-1-on-1-schulung","8":"first","9":"instock","10":"downloadable","11":"virtual","12":"purchasable","13":"product-type-simple"},"_links":{"self":[{"href":"https:\/\/houseofbeauty-byayse.de\/en\/wp-json\/wp\/v2\/product\/673","targetHints":{"allow":["GET"]}}],"collection":[{"href":"https:\/\/houseofbeauty-byayse.de\/en\/wp-json\/wp\/v2\/product"}],"about":[{"href":"https:\/\/houseofbeauty-byayse.de\/en\/wp-json\/wp\/v2\/types\/product"}],"version-history":[{"count":4,"href":"https:\/\/houseofbeauty-byayse.de\/en\/wp-json\/wp\/v2\/product\/673\/revisions"}],"predecessor-version":[{"id":936,"href":"https:\/\/houseofbeauty-byayse.de\/en\/wp-json\/wp\/v2\/product\/673\/revisions\/936"}],"wp:featuredmedia":[{"embeddable":true,"href":"https:\/\/houseofbeauty-byayse.de\/en\/wp-json\/wp\/v2\/media\/887"}],"wp:attachment":[{"href":"https:\/\/houseofbeauty-byayse.de\/en\/wp-json\/wp\/v2\/media?parent=673"}],"wp:term":[{"taxonomy":"product_brand","embeddable":true,"href":"https:\/\/houseofbeauty-byayse.de\/en\/wp-json\/wp\/v2\/product_brand?post=673"},{"taxonomy":"product_cat","embeddable":true,"href":"https:\/\/houseofbeauty-byayse.de\/en\/wp-json\/wp\/v2\/product_cat?post=673"},{"taxonomy":"product_tag","embeddable":true,"href":"https:\/\/houseofbeauty-byayse.de\/en\/wp-json\/wp\/v2\/product_tag?post=673"}],"curies":[{"name":"wp","href":"https:\/\/api.w.org\/{rel}","templated":true}]}}