{"id":679,"date":"2026-01-29T13:42:39","date_gmt":"2026-01-29T12:42:39","guid":{"rendered":"https:\/\/houseofbeauty-byayse.de\/?post_type=product&#038;p=679"},"modified":"2026-02-02T17:15:53","modified_gmt":"2026-02-02T16:15:53","slug":"pigmentflecken-aufhellung-vitamin-c-behandlung","status":"publish","type":"product","link":"https:\/\/houseofbeauty-byayse.de\/en\/product\/pigmentflecken-aufhellung-vitamin-c-behandlung\/","title":{"rendered":"Pigmentflecken &#8211; Aufhellung (Vitamin &#8211; C &#8211; Behandlung)"},"content":{"rendered":"<div class=\"flex flex-col text-sm pb-25\">\n<article class=\"text-token-text-primary w-full focus:outline-none [--shadow-height:45px] has-data-writing-block:pointer-events-none has-data-writing-block:-mt-(--shadow-height) has-data-writing-block:pt-(--shadow-height) [&amp;:has([data-writing-block])&gt;*]:pointer-events-auto scroll-mt-[calc(var(--header-height)+min(200px,max(70px,20svh)))]\" dir=\"auto\" tabindex=\"-1\" data-turn-id=\"request-WEB:622c1095-01be-4bf6-909f-aacf21609d01-22\" data-testid=\"conversation-turn-46\" data-scroll-anchor=\"true\" data-turn=\"assistant\">\n<div class=\"text-base my-auto mx-auto pb-10 [--thread-content-margin:--spacing(4)] @w-sm\/main:[--thread-content-margin:--spacing(6)] @w-lg\/main:[--thread-content-margin:--spacing(16)] px-(--thread-content-margin)\">\n<div class=\"[--thread-content-max-width:40rem] @w-lg\/main:[--thread-content-max-width:48rem] mx-auto max-w-(--thread-content-max-width) flex-1 group\/turn-messages focus-visible:outline-hidden relative flex w-full min-w-0 flex-col agent-turn\" tabindex=\"-1\">\n<div class=\"flex max-w-full flex-col grow\">\n<div class=\"min-h-8 text-message relative flex w-full flex-col items-end gap-2 text-start break-words whitespace-normal [.text-message+&amp;]:mt-1\" dir=\"auto\" data-message-author-role=\"assistant\" data-message-id=\"d1f1420c-4192-4a84-b2b1-45a1043da4f2\" data-message-model-slug=\"gpt-5-2\">\n<div class=\"flex w-full flex-col gap-1 empty:hidden first:pt-[1px]\">\n<div class=\"markdown prose dark:prose-invert w-full wrap-break-word dark markdown-new-styling\">\n<h2 data-start=\"0\" data-end=\"99\"><strong data-start=\"3\" data-end=\"99\">Pigmentflecken-Aufhellung mit Vitamin C \u2013 Ebenm\u00e4\u00dfiger, strahlender Teint (Vor Ort im Studio)<\/strong><\/h2>\n<hr data-start=\"101\" data-end=\"104\" \/>\n<h3 data-start=\"106\" data-end=\"139\"><strong data-start=\"110\" data-end=\"139\">Ausf\u00fchrliche Beschreibung<\/strong><\/h3>\n<p data-start=\"141\" data-end=\"516\">Die Schulung <strong data-start=\"154\" data-end=\"197\">Pigmentflecken-Aufhellung mit Vitamin C<\/strong> ist eine intensive <strong data-start=\"217\" data-end=\"252\">Vor-Ort-Weiterbildung im Studio<\/strong> f\u00fcr alle, die ihren Kundinnen einen sichtbar <strong data-start=\"298\" data-end=\"315\">ebenm\u00e4\u00dfigeren<\/strong> und <strong data-start=\"320\" data-end=\"343\">strahlenderen Teint<\/strong> erm\u00f6glichen m\u00f6chten. Diese aufhellende Behandlung zielt darauf ab, Pigmentflecken sanft zu reduzieren, den Hautton auszugleichen und der Haut neue Leuchtkraft zu verleihen.<\/p>\n<p data-start=\"518\" data-end=\"845\">Du lernst Schritt f\u00fcr Schritt einen klaren, sicheren und reproduzierbaren Behandlungsablauf, den du direkt am Modell umsetzt. Dabei verstehst du, wie <strong data-start=\"668\" data-end=\"681\">Vitamin C<\/strong> gezielt eingesetzt wird, wie die Haut optimal vorbereitet wird und wie du die Behandlung individuell an unterschiedliche Hauttypen und Pigmentierungsgrade anpasst.<\/p>\n<p data-start=\"847\" data-end=\"1189\">Der Fokus liegt auf der praktischen Umsetzung unter Anleitung. Du bekommst direkte Korrekturen, entwickelst Sicherheit im Ablauf und lernst, wie du sichtbare Ergebnisse erzielst, ohne die Haut zu reizen oder zu \u00fcberfordern. Ziel ist, dass du nach der Schulung diese Behandlung professionell und selbstbewusst in deinem Studio anbieten kannst.<\/p>\n<hr data-start=\"1191\" data-end=\"1194\" \/>\n<h3 data-start=\"1196\" data-end=\"1220\"><strong data-start=\"1200\" data-end=\"1220\">Schulungsinhalte<\/strong><\/h3>\n<ul data-start=\"1222\" data-end=\"1676\">\n<li data-start=\"1222\" data-end=\"1265\">\n<p data-start=\"1224\" data-end=\"1265\">Entstehung und Arten von Pigmentflecken<\/p>\n<\/li>\n<li data-start=\"1266\" data-end=\"1311\">\n<p data-start=\"1268\" data-end=\"1311\">Wirkweise von Vitamin C in der Hautpflege<\/p>\n<\/li>\n<li data-start=\"1312\" data-end=\"1376\">\n<p data-start=\"1314\" data-end=\"1376\">Hautanalyse und richtige Einsch\u00e4tzung von Hyperpigmentierung<\/p>\n<\/li>\n<li data-start=\"1377\" data-end=\"1433\">\n<p data-start=\"1379\" data-end=\"1433\">Vorbereitung der Haut f\u00fcr optimale Wirkstoffaufnahme<\/p>\n<\/li>\n<li data-start=\"1434\" data-end=\"1485\">\n<p data-start=\"1436\" data-end=\"1485\">Schritt-f\u00fcr-Schritt Behandlungsablauf am Modell<\/p>\n<\/li>\n<li data-start=\"1486\" data-end=\"1545\">\n<p data-start=\"1488\" data-end=\"1545\">Kombination geeigneter Produkte f\u00fcr aufhellende Effekte<\/p>\n<\/li>\n<li data-start=\"1546\" data-end=\"1591\">\n<p data-start=\"1548\" data-end=\"1591\">Schonendes Arbeiten ohne Hautirritationen<\/p>\n<\/li>\n<li data-start=\"1592\" data-end=\"1634\">\n<p data-start=\"1594\" data-end=\"1634\">Sichtbares Finish f\u00fcr mehr Strahlkraft<\/p>\n<\/li>\n<li data-start=\"1635\" data-end=\"1676\">\n<p data-start=\"1637\" data-end=\"1676\">Kundenberatung und Pflegeempfehlungen<\/p>\n<\/li>\n<\/ul>\n<hr data-start=\"1678\" data-end=\"1681\" \/>\n<h3 data-start=\"1683\" data-end=\"1705\"><strong data-start=\"1687\" data-end=\"1705\">Deine Vorteile<\/strong><\/h3>\n<ul data-start=\"1707\" data-end=\"2043\">\n<li data-start=\"1707\" data-end=\"1758\">\n<p data-start=\"1709\" data-end=\"1758\">Direkte Praxisarbeit mit pers\u00f6nlicher Anleitung<\/p>\n<\/li>\n<li data-start=\"1759\" data-end=\"1806\">\n<p data-start=\"1761\" data-end=\"1806\">Sicherheit im Umgang mit pigmentierter Haut<\/p>\n<\/li>\n<li data-start=\"1807\" data-end=\"1861\">\n<p data-start=\"1809\" data-end=\"1861\">Sichtbar ebenm\u00e4\u00dfigerer Hautton nach der Behandlung<\/p>\n<\/li>\n<li data-start=\"1862\" data-end=\"1935\">\n<p data-start=\"1864\" data-end=\"1935\">Erweiterung deines Angebots um eine stark gefragte Gesichtsbehandlung<\/p>\n<\/li>\n<li data-start=\"1936\" data-end=\"1992\">\n<p data-start=\"1938\" data-end=\"1992\">Hohe Kundenzufriedenheit durch strahlende Ergebnisse<\/p>\n<\/li>\n<li data-start=\"1993\" data-end=\"2043\">\n<p data-start=\"1995\" data-end=\"2043\">Direkt umsetzbares Wissen f\u00fcr den Studioalltag<\/p>\n<\/li>\n<\/ul>\n<hr data-start=\"2045\" data-end=\"2048\" \/>\n<h3 data-start=\"2050\" data-end=\"2085\"><strong data-start=\"2054\" data-end=\"2085\">Im Schulungspaket enthalten<\/strong><\/h3>\n<ul data-start=\"2087\" data-end=\"2363\">\n<li data-start=\"2087\" data-end=\"2143\">\n<p data-start=\"2089\" data-end=\"2143\">Vor-Ort-Schulung Pigmentflecken-Aufhellung im Studio<\/p>\n<\/li>\n<li data-start=\"2144\" data-end=\"2168\">\n<p data-start=\"2146\" data-end=\"2168\"><strong data-start=\"2146\" data-end=\"2166\">Praxis am Modell<\/strong><\/p>\n<\/li>\n<li data-start=\"2169\" data-end=\"2218\">\n<p data-start=\"2171\" data-end=\"2218\">Pers\u00f6nliche Betreuung und direkte Korrekturen<\/p>\n<\/li>\n<li data-start=\"2219\" data-end=\"2275\">\n<p data-start=\"2221\" data-end=\"2275\">Strukturierter Behandlungsablauf Schritt f\u00fcr Schritt<\/p>\n<\/li>\n<li data-start=\"2276\" data-end=\"2306\">\n<p data-start=\"2278\" data-end=\"2306\">Produkt- &amp; Technikschulung<\/p>\n<\/li>\n<li data-start=\"2307\" data-end=\"2363\">\n<p data-start=\"2309\" data-end=\"2363\">Zeit f\u00fcr individuelle Fragen und intensive Betreuung<\/p>\n<\/li>\n<\/ul>\n<hr data-start=\"2365\" data-end=\"2368\" \/>\n<h3 data-start=\"2370\" data-end=\"2414\"><strong data-start=\"2374\" data-end=\"2414\">F\u00fcr wen ist diese Schulung geeignet?<\/strong><\/h3>\n<ul data-start=\"2416\" data-end=\"2646\">\n<li data-start=\"2416\" data-end=\"2462\">\n<p data-start=\"2418\" data-end=\"2462\">Kosmetikerinnen &amp; Beautydienstleisterinnen<\/p>\n<\/li>\n<li data-start=\"2463\" data-end=\"2528\">\n<p data-start=\"2465\" data-end=\"2528\">Studios, die gezielte Hautbildverbesserungen anbieten m\u00f6chten<\/p>\n<\/li>\n<li data-start=\"2529\" data-end=\"2583\">\n<p data-start=\"2531\" data-end=\"2583\">Anf\u00e4ngerinnen mit Grundkenntnissen in der Kosmetik<\/p>\n<\/li>\n<li data-start=\"2584\" data-end=\"2646\">\n<p data-start=\"2586\" data-end=\"2646\">Fortgeschrittene zur Erweiterung ihres Behandlungsangebots<\/p>\n<\/li>\n<\/ul>\n<hr data-start=\"2648\" data-end=\"2651\" \/>\n<p data-start=\"2653\" data-end=\"2900\" data-is-last-node=\"\" data-is-only-node=\"\">Diese Schulung ist ideal f\u00fcr alle, die ihren Kundinnen eine wirksame Behandlung zur <strong data-start=\"2737\" data-end=\"2769\">Reduktion von Pigmentflecken<\/strong> und f\u00fcr einen <strong data-start=\"2784\" data-end=\"2818\">ebenm\u00e4\u00dfigen, strahlenden Teint<\/strong> anbieten m\u00f6chten \u2013 praxisnah, professionell und direkt umsetzbar im Studioalltag.<\/p>\n<\/div>\n<\/div>\n<\/div>\n<\/div>\n<\/div>\n<\/div>\n<\/article>\n<\/div>\n","protected":false},"excerpt":{"rendered":"<p>Aufhellende Behandlung zur Reduktion von Pigmentflecken f\u00fcr einen ebenm\u00e4\u00dfigen, strahlenden Teint.<\/p>","protected":false},"featured_media":889,"template":"","meta":[],"product_brand":[],"product_cat":[33],"product_tag":[],"class_list":{"0":"post-679","1":"product","2":"type-product","3":"status-publish","4":"has-post-thumbnail","6":"product_cat-1-on-1-schulung","8":"first","9":"instock","10":"downloadable","11":"virtual","12":"purchasable","13":"product-type-simple"},"_links":{"self":[{"href":"https:\/\/houseofbeauty-byayse.de\/en\/wp-json\/wp\/v2\/product\/679","targetHints":{"allow":["GET"]}}],"collection":[{"href":"https:\/\/houseofbeauty-byayse.de\/en\/wp-json\/wp\/v2\/product"}],"about":[{"href":"https:\/\/houseofbeauty-byayse.de\/en\/wp-json\/wp\/v2\/types\/product"}],"version-history":[{"count":3,"href":"https:\/\/houseofbeauty-byayse.de\/en\/wp-json\/wp\/v2\/product\/679\/revisions"}],"predecessor-version":[{"id":932,"href":"https:\/\/houseofbeauty-byayse.de\/en\/wp-json\/wp\/v2\/product\/679\/revisions\/932"}],"wp:featuredmedia":[{"embeddable":true,"href":"https:\/\/houseofbeauty-byayse.de\/en\/wp-json\/wp\/v2\/media\/889"}],"wp:attachment":[{"href":"https:\/\/houseofbeauty-byayse.de\/en\/wp-json\/wp\/v2\/media?parent=679"}],"wp:term":[{"taxonomy":"product_brand","embeddable":true,"href":"https:\/\/houseofbeauty-byayse.de\/en\/wp-json\/wp\/v2\/product_brand?post=679"},{"taxonomy":"product_cat","embeddable":true,"href":"https:\/\/houseofbeauty-byayse.de\/en\/wp-json\/wp\/v2\/product_cat?post=679"},{"taxonomy":"product_tag","embeddable":true,"href":"https:\/\/houseofbeauty-byayse.de\/en\/wp-json\/wp\/v2\/product_tag?post=679"}],"curies":[{"name":"wp","href":"https:\/\/api.w.org\/{rel}","templated":true}]}}