{"id":681,"date":"2026-01-29T13:43:49","date_gmt":"2026-01-29T12:43:49","guid":{"rendered":"https:\/\/houseofbeauty-byayse.de\/?post_type=product&#038;p=681"},"modified":"2026-02-02T17:15:33","modified_gmt":"2026-02-02T16:15:33","slug":"100-kraeuterbehandlung","status":"publish","type":"product","link":"https:\/\/houseofbeauty-byayse.de\/en\/product\/100-kraeuterbehandlung\/","title":{"rendered":"100 % Kr\u00e4uterbehandlung"},"content":{"rendered":"<div class=\"flex flex-col text-sm pb-25\">\n<article class=\"text-token-text-primary w-full focus:outline-none [--shadow-height:45px] has-data-writing-block:pointer-events-none has-data-writing-block:-mt-(--shadow-height) has-data-writing-block:pt-(--shadow-height) [&amp;:has([data-writing-block])&gt;*]:pointer-events-auto scroll-mt-[calc(var(--header-height)+min(200px,max(70px,20svh)))]\" dir=\"auto\" tabindex=\"-1\" data-turn-id=\"request-WEB:622c1095-01be-4bf6-909f-aacf21609d01-21\" data-testid=\"conversation-turn-44\" data-scroll-anchor=\"true\" data-turn=\"assistant\">\n<div class=\"text-base my-auto mx-auto pb-10 [--thread-content-margin:--spacing(4)] @w-sm\/main:[--thread-content-margin:--spacing(6)] @w-lg\/main:[--thread-content-margin:--spacing(16)] px-(--thread-content-margin)\">\n<div class=\"[--thread-content-max-width:40rem] @w-lg\/main:[--thread-content-max-width:48rem] mx-auto max-w-(--thread-content-max-width) flex-1 group\/turn-messages focus-visible:outline-hidden relative flex w-full min-w-0 flex-col agent-turn\" tabindex=\"-1\">\n<div class=\"flex max-w-full flex-col grow\">\n<div class=\"min-h-8 text-message relative flex w-full flex-col items-end gap-2 text-start break-words whitespace-normal [.text-message+&amp;]:mt-1\" dir=\"auto\" data-message-author-role=\"assistant\" data-message-id=\"d267b802-eaee-40e4-a1e0-3c49a59d8e1d\" data-message-model-slug=\"gpt-5-2\">\n<div class=\"flex w-full flex-col gap-1 empty:hidden first:pt-[1px]\">\n<div class=\"markdown prose dark:prose-invert w-full wrap-break-word dark markdown-new-styling\">\n<h2 data-start=\"0\" data-end=\"120\"><strong data-start=\"3\" data-end=\"120\">100% Kr\u00e4uterbehandlung \u2013 Sanfte, nat\u00fcrliche Hauterneuerung bei Couperose &amp; empfindlicher Haut (Vor Ort im Studio)<\/strong><\/h2>\n<hr data-start=\"122\" data-end=\"125\" \/>\n<h3 data-start=\"127\" data-end=\"160\"><strong data-start=\"131\" data-end=\"160\">Ausf\u00fchrliche Beschreibung<\/strong><\/h3>\n<p data-start=\"162\" data-end=\"564\">Die Schulung <strong data-start=\"175\" data-end=\"201\">100% Kr\u00e4uterbehandlung<\/strong> ist eine intensive <strong data-start=\"221\" data-end=\"256\">Vor-Ort-Weiterbildung im Studio<\/strong> f\u00fcr alle, die ihren Kundinnen eine <strong data-start=\"292\" data-end=\"306\">nat\u00fcrliche<\/strong>, besonders <strong data-start=\"318\" data-end=\"328\">sanfte<\/strong> und gleichzeitig <strong data-start=\"346\" data-end=\"362\">hochwirksame<\/strong> Behandlung anbieten m\u00f6chten. Diese Methode eignet sich ideal bei <strong data-start=\"428\" data-end=\"441\">Couperose<\/strong>, <strong data-start=\"443\" data-end=\"465\">empfindlicher Haut<\/strong> und Hautbildern, die aus dem Gleichgewicht geraten sind und eine schonende Regeneration ben\u00f6tigen.<\/p>\n<p data-start=\"566\" data-end=\"879\">Du lernst Schritt f\u00fcr Schritt einen klaren, sicheren und reproduzierbaren Behandlungsablauf, den du direkt am Modell umsetzt. Dabei verstehst du, wie die Kr\u00e4uterwirkstoffe auf der Haut arbeiten, wie sie die Haut bei der <strong data-start=\"786\" data-end=\"800\">Entgiftung<\/strong> unterst\u00fctzen und wie R\u00f6tungen sowie Reizungen sichtbar beruhigt werden k\u00f6nnen.<\/p>\n<p data-start=\"881\" data-end=\"1169\">Der Fokus liegt auf einem besonders achtsamen Arbeiten an sensiblen Hautzust\u00e4nden. Du lernst, wie du die Behandlung individuell anpasst, worauf du bei empfindlicher Haut unbedingt achten musst und wie du mit dieser Methode sichtbare Hautverbesserungen erzielst, ohne die Haut zu belasten.<\/p>\n<p data-start=\"1171\" data-end=\"1329\">Ziel ist, dass du nach der Schulung diese nat\u00fcrliche Behandlung sicher, professionell und mit viel Verst\u00e4ndnis f\u00fcr empfindliche Hautbilder durchf\u00fchren kannst.<\/p>\n<hr data-start=\"1331\" data-end=\"1334\" \/>\n<h3 data-start=\"1336\" data-end=\"1360\"><strong data-start=\"1340\" data-end=\"1360\">Schulungsinhalte<\/strong><\/h3>\n<ul data-start=\"1362\" data-end=\"1770\">\n<li data-start=\"1362\" data-end=\"1409\">\n<p data-start=\"1364\" data-end=\"1409\">Grundlagen empfindlicher Haut und Couperose<\/p>\n<\/li>\n<li data-start=\"1410\" data-end=\"1458\">\n<p data-start=\"1412\" data-end=\"1458\">Wirkweise der Kr\u00e4uterwirkstoffe auf die Haut<\/p>\n<\/li>\n<li data-start=\"1459\" data-end=\"1503\">\n<p data-start=\"1461\" data-end=\"1503\">Vorbereitung der Haut f\u00fcr die Behandlung<\/p>\n<\/li>\n<li data-start=\"1504\" data-end=\"1555\">\n<p data-start=\"1506\" data-end=\"1555\">Schritt-f\u00fcr-Schritt Behandlungsablauf am Modell<\/p>\n<\/li>\n<li data-start=\"1556\" data-end=\"1611\">\n<p data-start=\"1558\" data-end=\"1611\">Technik f\u00fcr sanftes und dennoch effektives Arbeiten<\/p>\n<\/li>\n<li data-start=\"1612\" data-end=\"1670\">\n<p data-start=\"1614\" data-end=\"1670\">Unterst\u00fctzung der Haut bei Entgiftung und Regeneration<\/p>\n<\/li>\n<li data-start=\"1671\" data-end=\"1728\">\n<p data-start=\"1673\" data-end=\"1728\">Anpassung der Behandlung an verschiedene Hautzust\u00e4nde<\/p>\n<\/li>\n<li data-start=\"1729\" data-end=\"1770\">\n<p data-start=\"1731\" data-end=\"1770\">Kundenberatung und Pflegeempfehlungen<\/p>\n<\/li>\n<\/ul>\n<hr data-start=\"1772\" data-end=\"1775\" \/>\n<h3 data-start=\"1777\" data-end=\"1799\"><strong data-start=\"1781\" data-end=\"1799\">Deine Vorteile<\/strong><\/h3>\n<ul data-start=\"1801\" data-end=\"2168\">\n<li data-start=\"1801\" data-end=\"1852\">\n<p data-start=\"1803\" data-end=\"1852\">Direkte Praxisarbeit mit pers\u00f6nlicher Anleitung<\/p>\n<\/li>\n<li data-start=\"1853\" data-end=\"1924\">\n<p data-start=\"1855\" data-end=\"1924\">Sicherheit im Umgang mit empfindlicher und couperoseanf\u00e4lliger Haut<\/p>\n<\/li>\n<li data-start=\"1925\" data-end=\"1993\">\n<p data-start=\"1927\" data-end=\"1993\">Erweiterung deines Angebots um eine nat\u00fcrliche Spezialbehandlung<\/p>\n<\/li>\n<li data-start=\"1994\" data-end=\"2054\">\n<p data-start=\"1996\" data-end=\"2054\">Sichtbare Hautberuhigung und Verbesserung des Hautbildes<\/p>\n<\/li>\n<li data-start=\"2055\" data-end=\"2117\">\n<p data-start=\"2057\" data-end=\"2117\">Hohe Kundenzufriedenheit durch sanfte, wirksame Ergebnisse<\/p>\n<\/li>\n<li data-start=\"2118\" data-end=\"2168\">\n<p data-start=\"2120\" data-end=\"2168\">Direkt umsetzbares Wissen f\u00fcr den Studioalltag<\/p>\n<\/li>\n<\/ul>\n<hr data-start=\"2170\" data-end=\"2173\" \/>\n<h3 data-start=\"2175\" data-end=\"2210\"><strong data-start=\"2179\" data-end=\"2210\">Im Schulungspaket enthalten<\/strong><\/h3>\n<ul data-start=\"2212\" data-end=\"2485\">\n<li data-start=\"2212\" data-end=\"2265\">\n<p data-start=\"2214\" data-end=\"2265\">Vor-Ort-Schulung 100% Kr\u00e4uterbehandlung im Studio<\/p>\n<\/li>\n<li data-start=\"2266\" data-end=\"2290\">\n<p data-start=\"2268\" data-end=\"2290\"><strong data-start=\"2268\" data-end=\"2288\">Praxis am Modell<\/strong><\/p>\n<\/li>\n<li data-start=\"2291\" data-end=\"2340\">\n<p data-start=\"2293\" data-end=\"2340\">Pers\u00f6nliche Betreuung und direkte Korrekturen<\/p>\n<\/li>\n<li data-start=\"2341\" data-end=\"2397\">\n<p data-start=\"2343\" data-end=\"2397\">Strukturierter Behandlungsablauf Schritt f\u00fcr Schritt<\/p>\n<\/li>\n<li data-start=\"2398\" data-end=\"2428\">\n<p data-start=\"2400\" data-end=\"2428\">Produkt- &amp; Technikschulung<\/p>\n<\/li>\n<li data-start=\"2429\" data-end=\"2485\">\n<p data-start=\"2431\" data-end=\"2485\">Zeit f\u00fcr individuelle Fragen und intensive Betreuung<\/p>\n<\/li>\n<\/ul>\n<hr data-start=\"2487\" data-end=\"2490\" \/>\n<h3 data-start=\"2492\" data-end=\"2536\"><strong data-start=\"2496\" data-end=\"2536\">F\u00fcr wen ist diese Schulung geeignet?<\/strong><\/h3>\n<ul data-start=\"2538\" data-end=\"2767\">\n<li data-start=\"2538\" data-end=\"2584\">\n<p data-start=\"2540\" data-end=\"2584\">Kosmetikerinnen &amp; Beautydienstleisterinnen<\/p>\n<\/li>\n<li data-start=\"2585\" data-end=\"2649\">\n<p data-start=\"2587\" data-end=\"2649\">Studios mit Fokus auf sensible und problematische Hautbilder<\/p>\n<\/li>\n<li data-start=\"2650\" data-end=\"2704\">\n<p data-start=\"2652\" data-end=\"2704\">Anf\u00e4ngerinnen mit Grundkenntnissen in der Kosmetik<\/p>\n<\/li>\n<li data-start=\"2705\" data-end=\"2767\">\n<p data-start=\"2707\" data-end=\"2767\">Fortgeschrittene zur Erweiterung ihres Behandlungsangebots<\/p>\n<\/li>\n<\/ul>\n<hr data-start=\"2769\" data-end=\"2772\" \/>\n<p data-start=\"2774\" data-end=\"3017\" data-is-last-node=\"\" data-is-only-node=\"\">Diese Schulung ist ideal f\u00fcr alle, die ihren Kundinnen eine <strong data-start=\"2834\" data-end=\"2848\">nat\u00fcrliche<\/strong>, <strong data-start=\"2850\" data-end=\"2860\">sanfte<\/strong> und dennoch <strong data-start=\"2873\" data-end=\"2889\">hochwirksame<\/strong> Behandlung bei Couperose und empfindlicher Haut anbieten m\u00f6chten \u2013 professionell, achtsam und direkt umsetzbar im Studioalltag.<\/p>\n<\/div>\n<\/div>\n<\/div>\n<\/div>\n<\/div>\n<\/div>\n<\/article>\n<\/div>\n","protected":false},"excerpt":{"rendered":"<p>Nat\u00fcrliche Behandlung bei Couperose, empfindlicher Haut und zur Entgiftung &#8211; sanft und hochwirksam.<\/p>","protected":false},"featured_media":850,"template":"","meta":[],"product_brand":[],"product_cat":[33],"product_tag":[],"class_list":{"0":"post-681","1":"product","2":"type-product","3":"status-publish","4":"has-post-thumbnail","6":"product_cat-1-on-1-schulung","8":"first","9":"instock","10":"downloadable","11":"virtual","12":"purchasable","13":"product-type-simple"},"_links":{"self":[{"href":"https:\/\/houseofbeauty-byayse.de\/en\/wp-json\/wp\/v2\/product\/681","targetHints":{"allow":["GET"]}}],"collection":[{"href":"https:\/\/houseofbeauty-byayse.de\/en\/wp-json\/wp\/v2\/product"}],"about":[{"href":"https:\/\/houseofbeauty-byayse.de\/en\/wp-json\/wp\/v2\/types\/product"}],"version-history":[{"count":3,"href":"https:\/\/houseofbeauty-byayse.de\/en\/wp-json\/wp\/v2\/product\/681\/revisions"}],"predecessor-version":[{"id":930,"href":"https:\/\/houseofbeauty-byayse.de\/en\/wp-json\/wp\/v2\/product\/681\/revisions\/930"}],"wp:featuredmedia":[{"embeddable":true,"href":"https:\/\/houseofbeauty-byayse.de\/en\/wp-json\/wp\/v2\/media\/850"}],"wp:attachment":[{"href":"https:\/\/houseofbeauty-byayse.de\/en\/wp-json\/wp\/v2\/media?parent=681"}],"wp:term":[{"taxonomy":"product_brand","embeddable":true,"href":"https:\/\/houseofbeauty-byayse.de\/en\/wp-json\/wp\/v2\/product_brand?post=681"},{"taxonomy":"product_cat","embeddable":true,"href":"https:\/\/houseofbeauty-byayse.de\/en\/wp-json\/wp\/v2\/product_cat?post=681"},{"taxonomy":"product_tag","embeddable":true,"href":"https:\/\/houseofbeauty-byayse.de\/en\/wp-json\/wp\/v2\/product_tag?post=681"}],"curies":[{"name":"wp","href":"https:\/\/api.w.org\/{rel}","templated":true}]}}