{"id":685,"date":"2026-01-29T13:46:17","date_gmt":"2026-01-29T12:46:17","guid":{"rendered":"https:\/\/houseofbeauty-byayse.de\/?post_type=product&#038;p=685"},"modified":"2026-02-02T17:13:38","modified_gmt":"2026-02-02T16:13:38","slug":"g5-cellulite-inkl-geraet","status":"publish","type":"product","link":"https:\/\/houseofbeauty-byayse.de\/en\/product\/g5-cellulite-inkl-geraet\/","title":{"rendered":"G5 Cellulite inkl. Ger\u00e4t"},"content":{"rendered":"<div class=\"flex flex-col text-sm pb-25\">\n<article class=\"text-token-text-primary w-full focus:outline-none [--shadow-height:45px] has-data-writing-block:pointer-events-none has-data-writing-block:-mt-(--shadow-height) has-data-writing-block:pt-(--shadow-height) [&amp;:has([data-writing-block])&gt;*]:pointer-events-auto scroll-mt-[calc(var(--header-height)+min(200px,max(70px,20svh)))]\" dir=\"auto\" tabindex=\"-1\" data-turn-id=\"request-WEB:622c1095-01be-4bf6-909f-aacf21609d01-19\" data-testid=\"conversation-turn-40\" data-scroll-anchor=\"true\" data-turn=\"assistant\">\n<div class=\"text-base my-auto mx-auto pb-10 [--thread-content-margin:--spacing(4)] @w-sm\/main:[--thread-content-margin:--spacing(6)] @w-lg\/main:[--thread-content-margin:--spacing(16)] px-(--thread-content-margin)\">\n<div class=\"[--thread-content-max-width:40rem] @w-lg\/main:[--thread-content-max-width:48rem] mx-auto max-w-(--thread-content-max-width) flex-1 group\/turn-messages focus-visible:outline-hidden relative flex w-full min-w-0 flex-col agent-turn\" tabindex=\"-1\">\n<div class=\"flex max-w-full flex-col grow\">\n<div class=\"min-h-8 text-message relative flex w-full flex-col items-end gap-2 text-start break-words whitespace-normal [.text-message+&amp;]:mt-1\" dir=\"auto\" data-message-author-role=\"assistant\" data-message-id=\"3344c346-97d2-4cbf-a3bd-bcde27816ed4\" data-message-model-slug=\"gpt-5-2\">\n<div class=\"flex w-full flex-col gap-1 empty:hidden first:pt-[1px]\">\n<div class=\"markdown prose dark:prose-invert w-full wrap-break-word dark markdown-new-styling\">\n<h2 data-start=\"0\" data-end=\"105\"><strong data-start=\"3\" data-end=\"105\">G5 Cellulite Behandlung \u2013 Straffung &amp; sichtbare Gl\u00e4ttung der Haut (Vor Ort im Studio, inkl. Ger\u00e4t)<\/strong><\/h2>\n<hr data-start=\"149\" data-end=\"152\" \/>\n<h3 data-start=\"154\" data-end=\"187\"><strong data-start=\"158\" data-end=\"187\">Ausf\u00fchrliche Beschreibung<\/strong><\/h3>\n<p data-start=\"189\" data-end=\"624\">Die Schulung <strong data-start=\"202\" data-end=\"229\">G5 Cellulite Behandlung<\/strong> ist eine intensive <strong data-start=\"249\" data-end=\"284\">Vor-Ort-Weiterbildung im Studio<\/strong> f\u00fcr alle, die ihren Kundinnen eine effektive K\u00f6rperbehandlung zur <strong data-start=\"351\" data-end=\"364\">Straffung<\/strong> und <strong data-start=\"369\" data-end=\"407\">sichtbaren Reduktion von Cellulite<\/strong> anbieten m\u00f6chten. Gearbeitet wird mit einem professionellen <strong data-start=\"468\" data-end=\"480\">G5-Ger\u00e4t<\/strong>, das durch mechanische Vibration und gezielte Massage das Gewebe stimuliert, die Durchblutung f\u00f6rdert und die Hautstruktur sichtbar verbessert.<\/p>\n<p data-start=\"626\" data-end=\"978\">Du lernst Schritt f\u00fcr Schritt einen klaren, sicheren und reproduzierbaren Behandlungsablauf, den du direkt am Modell umsetzt. Dabei verstehst du genau, wie das G5-Ger\u00e4t korrekt eingesetzt wird, welche Aufs\u00e4tze f\u00fcr welche K\u00f6rperbereiche geeignet sind und wie du Druck, Geschwindigkeit und Technik optimal anpasst, um bestm\u00f6gliche Ergebnisse zu erzielen.<\/p>\n<p data-start=\"980\" data-end=\"1339\">Der Fokus liegt auf der praktischen Anwendung unter Anleitung. Du bekommst direkte Korrekturen, entwickelst ein Gef\u00fchl f\u00fcr das Arbeiten mit dem Ger\u00e4t und gewinnst Sicherheit f\u00fcr die selbstst\u00e4ndige Durchf\u00fchrung im Studioalltag. Ziel ist, dass du nach der Schulung diese Behandlung professionell anbieten kannst \u2013 mit sichtbaren Ergebnissen f\u00fcr deine Kundinnen.<\/p>\n<hr data-start=\"1341\" data-end=\"1344\" \/>\n<h3 data-start=\"1346\" data-end=\"1370\"><strong data-start=\"1350\" data-end=\"1370\">Schulungsinhalte<\/strong><\/h3>\n<ul data-start=\"1372\" data-end=\"1842\">\n<li data-start=\"1372\" data-end=\"1419\">\n<p data-start=\"1374\" data-end=\"1419\">Grundlagen von Cellulite und Gewebestruktur<\/p>\n<\/li>\n<li data-start=\"1420\" data-end=\"1476\">\n<p data-start=\"1422\" data-end=\"1476\">Wirkungsweise der G5-Technologie auf Haut und Gewebe<\/p>\n<\/li>\n<li data-start=\"1477\" data-end=\"1529\">\n<p data-start=\"1479\" data-end=\"1529\">Ger\u00e4tekunde und richtige Handhabung der Aufs\u00e4tze<\/p>\n<\/li>\n<li data-start=\"1530\" data-end=\"1600\">\n<p data-start=\"1532\" data-end=\"1600\">Schritt-f\u00fcr-Schritt Behandlungsablauf f\u00fcr verschiedene K\u00f6rperzonen<\/p>\n<\/li>\n<li data-start=\"1601\" data-end=\"1648\">\n<p data-start=\"1603\" data-end=\"1648\">Richtige Technik, Druck und Geschwindigkeit<\/p>\n<\/li>\n<li data-start=\"1649\" data-end=\"1694\">\n<p data-start=\"1651\" data-end=\"1694\">Kombination mit unterst\u00fctzenden Produkten<\/p>\n<\/li>\n<li data-start=\"1695\" data-end=\"1741\">\n<p data-start=\"1697\" data-end=\"1741\">Behandlungsintervalle und Aufbau von Kuren<\/p>\n<\/li>\n<li data-start=\"1742\" data-end=\"1787\">\n<p data-start=\"1744\" data-end=\"1787\">Kontraindikationen und Sicherheitsaspekte<\/p>\n<\/li>\n<li data-start=\"1788\" data-end=\"1842\">\n<p data-start=\"1790\" data-end=\"1842\">Kundenberatung und realistische Ergebnisaufkl\u00e4rung<\/p>\n<\/li>\n<\/ul>\n<hr data-start=\"1844\" data-end=\"1847\" \/>\n<h3 data-start=\"1849\" data-end=\"1871\"><strong data-start=\"1853\" data-end=\"1871\">Deine Vorteile<\/strong><\/h3>\n<ul data-start=\"1873\" data-end=\"2202\">\n<li data-start=\"1873\" data-end=\"1924\">\n<p data-start=\"1875\" data-end=\"1924\">Direkte Praxisarbeit mit pers\u00f6nlicher Anleitung<\/p>\n<\/li>\n<li data-start=\"1925\" data-end=\"1970\">\n<p data-start=\"1927\" data-end=\"1970\">Sicherheit im Umgang mit dem <strong data-start=\"1956\" data-end=\"1968\">G5-Ger\u00e4t<\/strong><\/p>\n<\/li>\n<li data-start=\"1971\" data-end=\"2026\">\n<p data-start=\"1973\" data-end=\"2026\">Sichtbare Ergebnisse bei Straffung und Hautgl\u00e4ttung<\/p>\n<\/li>\n<li data-start=\"2027\" data-end=\"2088\">\n<p data-start=\"2029\" data-end=\"2088\">Erweiterung deines Angebots im Bereich K\u00f6rperbehandlungen<\/p>\n<\/li>\n<li data-start=\"2089\" data-end=\"2151\">\n<p data-start=\"2091\" data-end=\"2151\">Hohe Kundenzufriedenheit durch sp\u00fcr- und sichtbare Effekte<\/p>\n<\/li>\n<li data-start=\"2152\" data-end=\"2202\">\n<p data-start=\"2154\" data-end=\"2202\">Direkt umsetzbares Wissen f\u00fcr den Studioalltag<\/p>\n<\/li>\n<\/ul>\n<hr data-start=\"2204\" data-end=\"2207\" \/>\n<h3 data-start=\"2209\" data-end=\"2244\"><strong data-start=\"2213\" data-end=\"2244\">Im Schulungspaket enthalten<\/strong><\/h3>\n<ul data-start=\"2246\" data-end=\"2586\">\n<li data-start=\"2246\" data-end=\"2300\">\n<p data-start=\"2248\" data-end=\"2300\">Vor-Ort-Schulung G5 Cellulite Behandlung im Studio<\/p>\n<\/li>\n<li data-start=\"2301\" data-end=\"2325\">\n<p data-start=\"2303\" data-end=\"2325\"><strong data-start=\"2303\" data-end=\"2323\">Praxis am Modell<\/strong><\/p>\n<\/li>\n<li data-start=\"2326\" data-end=\"2375\">\n<p data-start=\"2328\" data-end=\"2375\">Pers\u00f6nliche Betreuung und direkte Korrekturen<\/p>\n<\/li>\n<li data-start=\"2376\" data-end=\"2432\">\n<p data-start=\"2378\" data-end=\"2432\">Strukturierter Behandlungsablauf Schritt f\u00fcr Schritt<\/p>\n<\/li>\n<li data-start=\"2433\" data-end=\"2473\">\n<p data-start=\"2435\" data-end=\"2473\">Ger\u00e4teeinweisung und Technikschulung<\/p>\n<\/li>\n<li data-start=\"2474\" data-end=\"2529\">\n<p data-start=\"2476\" data-end=\"2529\"><strong data-start=\"2476\" data-end=\"2504\">G5-Ger\u00e4t inkl. Aufs\u00e4tzen<\/strong> zur direkten Umsetzung<\/p>\n<\/li>\n<li data-start=\"2530\" data-end=\"2586\">\n<p data-start=\"2532\" data-end=\"2586\">Zeit f\u00fcr individuelle Fragen und intensive Betreuung<\/p>\n<\/li>\n<\/ul>\n<hr data-start=\"2588\" data-end=\"2591\" \/>\n<h3 data-start=\"2593\" data-end=\"2637\"><strong data-start=\"2597\" data-end=\"2637\">F\u00fcr wen ist diese Schulung geeignet?<\/strong><\/h3>\n<ul data-start=\"2639\" data-end=\"2863\">\n<li data-start=\"2639\" data-end=\"2685\">\n<p data-start=\"2641\" data-end=\"2685\">Kosmetikerinnen &amp; Beautydienstleisterinnen<\/p>\n<\/li>\n<li data-start=\"2686\" data-end=\"2749\">\n<p data-start=\"2688\" data-end=\"2749\">Studios, die ihr Angebot im K\u00f6rperbereich erweitern m\u00f6chten<\/p>\n<\/li>\n<li data-start=\"2750\" data-end=\"2809\">\n<p data-start=\"2752\" data-end=\"2809\">Anf\u00e4ngerinnen mit Interesse an apparativen Behandlungen<\/p>\n<\/li>\n<li data-start=\"2810\" data-end=\"2863\">\n<p data-start=\"2812\" data-end=\"2863\">Fortgeschrittene zur Erweiterung ihres Portfolios<\/p>\n<\/li>\n<\/ul>\n<hr data-start=\"2865\" data-end=\"2868\" \/>\n<p data-start=\"2870\" data-end=\"3088\" data-is-last-node=\"\" data-is-only-node=\"\">Diese Schulung ist ideal f\u00fcr alle, die ihren Kundinnen eine professionelle K\u00f6rperbehandlung zur <strong data-start=\"2966\" data-end=\"2979\">Straffung<\/strong> und <strong data-start=\"2984\" data-end=\"3011\">Reduktion von Cellulite<\/strong> anbieten m\u00f6chten \u2013 praxisnah, effektiv und direkt umsetzbar im Studioalltag.<\/p>\n<\/div>\n<\/div>\n<\/div>\n<\/div>\n<div class=\"z-0 flex min-h-[46px] justify-start\"><\/div>\n<div class=\"mt-3 w-full empty:hidden\">\n<div class=\"text-center\"><\/div>\n<\/div>\n<\/div>\n<\/div>\n<\/article>\n<\/div>\n<div class=\"pointer-events-none h-px w-px absolute bottom-0\" aria-hidden=\"true\" data-edge=\"true\"><\/div>\n","protected":false},"excerpt":{"rendered":"<p>Effektive K\u00f6rperbehandlung zur Straffung und Reduktion von Cellulite mit professionellem G5-Ger\u00e4t<\/p>","protected":false},"featured_media":846,"template":"","meta":[],"product_brand":[],"product_cat":[33],"product_tag":[],"class_list":{"0":"post-685","1":"product","2":"type-product","3":"status-publish","4":"has-post-thumbnail","6":"product_cat-1-on-1-schulung","8":"first","9":"instock","10":"downloadable","11":"virtual","12":"purchasable","13":"product-type-simple"},"_links":{"self":[{"href":"https:\/\/houseofbeauty-byayse.de\/en\/wp-json\/wp\/v2\/product\/685","targetHints":{"allow":["GET"]}}],"collection":[{"href":"https:\/\/houseofbeauty-byayse.de\/en\/wp-json\/wp\/v2\/product"}],"about":[{"href":"https:\/\/houseofbeauty-byayse.de\/en\/wp-json\/wp\/v2\/types\/product"}],"version-history":[{"count":3,"href":"https:\/\/houseofbeauty-byayse.de\/en\/wp-json\/wp\/v2\/product\/685\/revisions"}],"predecessor-version":[{"id":926,"href":"https:\/\/houseofbeauty-byayse.de\/en\/wp-json\/wp\/v2\/product\/685\/revisions\/926"}],"wp:featuredmedia":[{"embeddable":true,"href":"https:\/\/houseofbeauty-byayse.de\/en\/wp-json\/wp\/v2\/media\/846"}],"wp:attachment":[{"href":"https:\/\/houseofbeauty-byayse.de\/en\/wp-json\/wp\/v2\/media?parent=685"}],"wp:term":[{"taxonomy":"product_brand","embeddable":true,"href":"https:\/\/houseofbeauty-byayse.de\/en\/wp-json\/wp\/v2\/product_brand?post=685"},{"taxonomy":"product_cat","embeddable":true,"href":"https:\/\/houseofbeauty-byayse.de\/en\/wp-json\/wp\/v2\/product_cat?post=685"},{"taxonomy":"product_tag","embeddable":true,"href":"https:\/\/houseofbeauty-byayse.de\/en\/wp-json\/wp\/v2\/product_tag?post=685"}],"curies":[{"name":"wp","href":"https:\/\/api.w.org\/{rel}","templated":true}]}}