{"id":687,"date":"2026-01-29T13:48:17","date_gmt":"2026-01-29T12:48:17","guid":{"rendered":"https:\/\/houseofbeauty-byayse.de\/?post_type=product&#038;p=687"},"modified":"2026-02-02T17:13:16","modified_gmt":"2026-02-02T16:13:16","slug":"klassische-manikuere-shellac-inkl-starterset","status":"publish","type":"product","link":"https:\/\/houseofbeauty-byayse.de\/en\/product\/klassische-manikuere-shellac-inkl-starterset\/","title":{"rendered":"Klassische Manik\u00fcre \/ Shellac inkl. Starterset"},"content":{"rendered":"<div class=\"flex flex-col text-sm pb-25\">\n<article class=\"text-token-text-primary w-full focus:outline-none [--shadow-height:45px] has-data-writing-block:pointer-events-none has-data-writing-block:-mt-(--shadow-height) has-data-writing-block:pt-(--shadow-height) [&amp;:has([data-writing-block])&gt;*]:pointer-events-auto scroll-mt-[calc(var(--header-height)+min(200px,max(70px,20svh)))]\" dir=\"auto\" tabindex=\"-1\" data-turn-id=\"request-WEB:622c1095-01be-4bf6-909f-aacf21609d01-18\" data-testid=\"conversation-turn-38\" data-scroll-anchor=\"true\" data-turn=\"assistant\">\n<div class=\"text-base my-auto mx-auto pb-10 [--thread-content-margin:--spacing(4)] @w-sm\/main:[--thread-content-margin:--spacing(6)] @w-lg\/main:[--thread-content-margin:--spacing(16)] px-(--thread-content-margin)\">\n<div class=\"[--thread-content-max-width:40rem] @w-lg\/main:[--thread-content-max-width:48rem] mx-auto max-w-(--thread-content-max-width) flex-1 group\/turn-messages focus-visible:outline-hidden relative flex w-full min-w-0 flex-col agent-turn\" tabindex=\"-1\">\n<div class=\"flex max-w-full flex-col grow\">\n<div class=\"min-h-8 text-message relative flex w-full flex-col items-end gap-2 text-start break-words whitespace-normal [.text-message+&amp;]:mt-1\" dir=\"auto\" data-message-author-role=\"assistant\" data-message-id=\"7f22c5fc-0d84-4283-9c20-b28a18318d6a\" data-message-model-slug=\"gpt-5-2\">\n<div class=\"flex w-full flex-col gap-1 empty:hidden first:pt-[1px]\">\n<div class=\"markdown prose dark:prose-invert w-full wrap-break-word dark markdown-new-styling\">\n<h2 data-start=\"0\" data-end=\"124\"><strong data-start=\"3\" data-end=\"124\">Klassische Manik\u00fcre &amp; Shellac \u2013 Professionelle Nagelpflege mit perfektem Finish (Vor Ort im Studio, inkl. Starterset)<\/strong><\/h2>\n<hr data-start=\"126\" data-end=\"129\" \/>\n<h3 data-start=\"131\" data-end=\"164\"><strong data-start=\"135\" data-end=\"164\">Ausf\u00fchrliche Beschreibung<\/strong><\/h3>\n<p data-start=\"166\" data-end=\"511\">Die Schulung <strong data-start=\"179\" data-end=\"212\">Klassische Manik\u00fcre &amp; Shellac<\/strong> ist eine intensive <strong data-start=\"232\" data-end=\"267\">Vor-Ort-Weiterbildung im Studio<\/strong> f\u00fcr alle, die ihren Kundinnen eine saubere, professionelle Nagelpflege und ein haltbares, gl\u00e4nzendes Ergebnis bieten m\u00f6chten. Diese Behandlung verbindet eine gr\u00fcndliche Manik\u00fcre mit einer pr\u00e4zisen Shellac-Anwendung f\u00fcr perfekt gepflegte N\u00e4gel.<\/p>\n<p data-start=\"513\" data-end=\"808\">Du lernst Schritt f\u00fcr Schritt einen klaren, sicheren und reproduzierbaren Behandlungsablauf, den du direkt <strong data-start=\"620\" data-end=\"633\">am Modell<\/strong> umsetzt. Dabei stehen <strong data-start=\"656\" data-end=\"667\">Hygiene<\/strong>, eine saubere <strong data-start=\"682\" data-end=\"693\">Technik<\/strong> und der korrekte <strong data-start=\"711\" data-end=\"730\">Shellac-Auftrag<\/strong> im Fokus, damit es nicht zu Liftings, Randabl\u00f6sungen oder Unebenheiten kommt.<\/p>\n<p data-start=\"810\" data-end=\"1213\">Der Schwerpunkt liegt auf der praktischen Arbeit unter Anleitung. Du verstehst genau, wie der Naturnagel optimal vorbereitet wird, welche Arbeitsschritte entscheidend f\u00fcr die Haltbarkeit sind und wie du ein gleichm\u00e4\u00dfiges, professionelles Finish erzielst. Ziel ist, dass du nach der Schulung Manik\u00fcre- und Shellac-Behandlungen <strong data-start=\"1136\" data-end=\"1153\">selbstbewusst<\/strong>, <strong data-start=\"1155\" data-end=\"1171\">strukturiert<\/strong> und <strong data-start=\"1176\" data-end=\"1193\">professionell<\/strong> durchf\u00fchren kannst.<\/p>\n<hr data-start=\"1215\" data-end=\"1218\" \/>\n<h3 data-start=\"1220\" data-end=\"1244\"><strong data-start=\"1224\" data-end=\"1244\">Schulungsinhalte<\/strong><\/h3>\n<ul data-start=\"1246\" data-end=\"1685\">\n<li data-start=\"1246\" data-end=\"1292\">\n<p data-start=\"1248\" data-end=\"1292\">Hygienestandards und sicherer Arbeitsplatz<\/p>\n<\/li>\n<li data-start=\"1293\" data-end=\"1340\">\n<p data-start=\"1295\" data-end=\"1340\">Richtiger Aufbau einer klassischen Manik\u00fcre<\/p>\n<\/li>\n<li data-start=\"1341\" data-end=\"1398\">\n<p data-start=\"1343\" data-end=\"1398\">Vorbereitung des Naturnagels f\u00fcr optimale Haltbarkeit<\/p>\n<\/li>\n<li data-start=\"1399\" data-end=\"1458\">\n<p data-start=\"1401\" data-end=\"1458\">Saubere Technik bei Nagelhautbearbeitung und Formgebung<\/p>\n<\/li>\n<li data-start=\"1459\" data-end=\"1500\">\n<p data-start=\"1461\" data-end=\"1500\">Schritt-f\u00fcr-Schritt Shellac-Anwendung<\/p>\n<\/li>\n<li data-start=\"1501\" data-end=\"1549\">\n<p data-start=\"1503\" data-end=\"1549\">Richtige Produktmengen und Aush\u00e4rtungszeiten<\/p>\n<\/li>\n<li data-start=\"1550\" data-end=\"1596\">\n<p data-start=\"1552\" data-end=\"1596\">Vermeidung von Liftings und Randabl\u00f6sungen<\/p>\n<\/li>\n<li data-start=\"1597\" data-end=\"1647\">\n<p data-start=\"1599\" data-end=\"1647\">Gleichm\u00e4\u00dfiger Farbauftrag und perfektes Finish<\/p>\n<\/li>\n<li data-start=\"1648\" data-end=\"1685\">\n<p data-start=\"1650\" data-end=\"1685\">Kundenberatung und Pflegehinweise<\/p>\n<\/li>\n<\/ul>\n<hr data-start=\"1687\" data-end=\"1690\" \/>\n<h3 data-start=\"1692\" data-end=\"1714\"><strong data-start=\"1696\" data-end=\"1714\">Deine Vorteile<\/strong><\/h3>\n<ul data-start=\"1716\" data-end=\"2050\">\n<li data-start=\"1716\" data-end=\"1767\">\n<p data-start=\"1718\" data-end=\"1767\">Direkte Praxisarbeit mit pers\u00f6nlicher Anleitung<\/p>\n<\/li>\n<li data-start=\"1768\" data-end=\"1821\">\n<p data-start=\"1770\" data-end=\"1821\">Sicherheit in Hygiene, Technik und Produkteinsatz<\/p>\n<\/li>\n<li data-start=\"1822\" data-end=\"1875\">\n<p data-start=\"1824\" data-end=\"1875\">Perfekte Shellac-Ergebnisse mit hoher Haltbarkeit<\/p>\n<\/li>\n<li data-start=\"1876\" data-end=\"1933\">\n<p data-start=\"1878\" data-end=\"1933\">Mehr Routine und Selbstvertrauen bei der Durchf\u00fchrung<\/p>\n<\/li>\n<li data-start=\"1934\" data-end=\"1999\">\n<p data-start=\"1936\" data-end=\"1999\">Erweiterung deines Angebots um eine stark gefragte Behandlung<\/p>\n<\/li>\n<li data-start=\"2000\" data-end=\"2050\">\n<p data-start=\"2002\" data-end=\"2050\">Direkt umsetzbares Wissen f\u00fcr den Studioalltag<\/p>\n<\/li>\n<\/ul>\n<hr data-start=\"2052\" data-end=\"2055\" \/>\n<h3 data-start=\"2057\" data-end=\"2092\"><strong data-start=\"2061\" data-end=\"2092\">Im Schulungspaket enthalten<\/strong><\/h3>\n<ul data-start=\"2094\" data-end=\"2439\">\n<li data-start=\"2094\" data-end=\"2154\">\n<p data-start=\"2096\" data-end=\"2154\">Vor-Ort-Schulung Klassische Manik\u00fcre &amp; Shellac im Studio<\/p>\n<\/li>\n<li data-start=\"2155\" data-end=\"2179\">\n<p data-start=\"2157\" data-end=\"2179\"><strong data-start=\"2157\" data-end=\"2177\">Praxis am Modell<\/strong><\/p>\n<\/li>\n<li data-start=\"2180\" data-end=\"2229\">\n<p data-start=\"2182\" data-end=\"2229\">Pers\u00f6nliche Betreuung und direkte Korrekturen<\/p>\n<\/li>\n<li data-start=\"2230\" data-end=\"2286\">\n<p data-start=\"2232\" data-end=\"2286\">Strukturierter Behandlungsablauf Schritt f\u00fcr Schritt<\/p>\n<\/li>\n<li data-start=\"2287\" data-end=\"2317\">\n<p data-start=\"2289\" data-end=\"2317\">Produkt- &amp; Technikschulung<\/p>\n<\/li>\n<li data-start=\"2318\" data-end=\"2382\">\n<p data-start=\"2320\" data-end=\"2382\"><strong data-start=\"2320\" data-end=\"2357\">Starterset f\u00fcr Manik\u00fcre &amp; Shellac<\/strong> zur direkten Umsetzung<\/p>\n<\/li>\n<li data-start=\"2383\" data-end=\"2439\">\n<p data-start=\"2385\" data-end=\"2439\">Zeit f\u00fcr individuelle Fragen und intensive Betreuung<\/p>\n<\/li>\n<\/ul>\n<hr data-start=\"2441\" data-end=\"2444\" \/>\n<h3 data-start=\"2446\" data-end=\"2490\"><strong data-start=\"2450\" data-end=\"2490\">F\u00fcr wen ist diese Schulung geeignet?<\/strong><\/h3>\n<ul data-start=\"2492\" data-end=\"2710\">\n<li data-start=\"2492\" data-end=\"2538\">\n<p data-start=\"2494\" data-end=\"2538\">Kosmetikerinnen &amp; Beautydienstleisterinnen<\/p>\n<\/li>\n<li data-start=\"2539\" data-end=\"2599\">\n<p data-start=\"2541\" data-end=\"2599\">Studios, die professionelle Nagelpflege anbieten m\u00f6chten<\/p>\n<\/li>\n<li data-start=\"2600\" data-end=\"2654\">\n<p data-start=\"2602\" data-end=\"2654\">Anf\u00e4ngerinnen mit Grundkenntnissen im Nagelbereich<\/p>\n<\/li>\n<li data-start=\"2655\" data-end=\"2710\">\n<p data-start=\"2657\" data-end=\"2710\">Fortgeschrittene zur Perfektionierung ihrer Technik<\/p>\n<\/li>\n<\/ul>\n<hr data-start=\"2712\" data-end=\"2715\" \/>\n<p data-start=\"2717\" data-end=\"2928\" data-is-last-node=\"\" data-is-only-node=\"\">Diese Schulung ist ideal f\u00fcr alle, die ihren Kundinnen <strong data-start=\"2772\" data-end=\"2791\">gepflegte N\u00e4gel<\/strong>, <strong data-start=\"2793\" data-end=\"2811\">saubere Arbeit<\/strong> und <strong data-start=\"2816\" data-end=\"2847\">haltbare Shellac-Ergebnisse<\/strong> bieten m\u00f6chten \u2013 professionell, hygienisch und direkt umsetzbar im Studioalltag.<\/p>\n<\/div>\n<\/div>\n<\/div>\n<\/div>\n<\/div>\n<\/div>\n<\/article>\n<\/div>\n","protected":false},"excerpt":{"rendered":"<p>Professionelle Nagelpflege inklusive:<\/p>\n<ul>\n<li>Hygiene<\/li>\n<li>Technik<\/li>\n<li>Shellac Anwendung f\u00fcr perfekte N\u00e4gel<\/li>\n<\/ul>","protected":false},"featured_media":890,"template":"","meta":[],"product_brand":[],"product_cat":[33],"product_tag":[],"class_list":{"0":"post-687","1":"product","2":"type-product","3":"status-publish","4":"has-post-thumbnail","6":"product_cat-1-on-1-schulung","8":"first","9":"instock","10":"downloadable","11":"virtual","12":"purchasable","13":"product-type-simple"},"_links":{"self":[{"href":"https:\/\/houseofbeauty-byayse.de\/en\/wp-json\/wp\/v2\/product\/687","targetHints":{"allow":["GET"]}}],"collection":[{"href":"https:\/\/houseofbeauty-byayse.de\/en\/wp-json\/wp\/v2\/product"}],"about":[{"href":"https:\/\/houseofbeauty-byayse.de\/en\/wp-json\/wp\/v2\/types\/product"}],"version-history":[{"count":3,"href":"https:\/\/houseofbeauty-byayse.de\/en\/wp-json\/wp\/v2\/product\/687\/revisions"}],"predecessor-version":[{"id":924,"href":"https:\/\/houseofbeauty-byayse.de\/en\/wp-json\/wp\/v2\/product\/687\/revisions\/924"}],"wp:featuredmedia":[{"embeddable":true,"href":"https:\/\/houseofbeauty-byayse.de\/en\/wp-json\/wp\/v2\/media\/890"}],"wp:attachment":[{"href":"https:\/\/houseofbeauty-byayse.de\/en\/wp-json\/wp\/v2\/media?parent=687"}],"wp:term":[{"taxonomy":"product_brand","embeddable":true,"href":"https:\/\/houseofbeauty-byayse.de\/en\/wp-json\/wp\/v2\/product_brand?post=687"},{"taxonomy":"product_cat","embeddable":true,"href":"https:\/\/houseofbeauty-byayse.de\/en\/wp-json\/wp\/v2\/product_cat?post=687"},{"taxonomy":"product_tag","embeddable":true,"href":"https:\/\/houseofbeauty-byayse.de\/en\/wp-json\/wp\/v2\/product_tag?post=687"}],"curies":[{"name":"wp","href":"https:\/\/api.w.org\/{rel}","templated":true}]}}