{"id":691,"date":"2026-01-29T13:50:43","date_gmt":"2026-01-29T12:50:43","guid":{"rendered":"https:\/\/houseofbeauty-byayse.de\/?post_type=product&#038;p=691"},"modified":"2026-02-02T17:12:35","modified_gmt":"2026-02-02T16:12:35","slug":"korean-lashlifting-inkl-starterset","status":"publish","type":"product","link":"https:\/\/houseofbeauty-byayse.de\/en\/product\/korean-lashlifting-inkl-starterset\/","title":{"rendered":"Korean Lashlifting inkl. Starterset"},"content":{"rendered":"<div class=\"flex flex-col text-sm pb-25\">\n<article class=\"text-token-text-primary w-full focus:outline-none [--shadow-height:45px] has-data-writing-block:pointer-events-none has-data-writing-block:-mt-(--shadow-height) has-data-writing-block:pt-(--shadow-height) [&amp;:has([data-writing-block])&gt;*]:pointer-events-auto scroll-mt-[calc(var(--header-height)+min(200px,max(70px,20svh)))]\" dir=\"auto\" tabindex=\"-1\" data-turn-id=\"request-WEB:622c1095-01be-4bf6-909f-aacf21609d01-16\" data-testid=\"conversation-turn-34\" data-scroll-anchor=\"true\" data-turn=\"assistant\">\n<div class=\"text-base my-auto mx-auto pb-10 [--thread-content-margin:--spacing(4)] @w-sm\/main:[--thread-content-margin:--spacing(6)] @w-lg\/main:[--thread-content-margin:--spacing(16)] px-(--thread-content-margin)\">\n<div class=\"[--thread-content-max-width:40rem] @w-lg\/main:[--thread-content-max-width:48rem] mx-auto max-w-(--thread-content-max-width) flex-1 group\/turn-messages focus-visible:outline-hidden relative flex w-full min-w-0 flex-col agent-turn\" tabindex=\"-1\">\n<div class=\"flex max-w-full flex-col grow\">\n<div class=\"min-h-8 text-message relative flex w-full flex-col items-end gap-2 text-start break-words whitespace-normal [.text-message+&amp;]:mt-1\" dir=\"auto\" data-message-author-role=\"assistant\" data-message-id=\"b1405fea-5099-4f9f-920b-fafd9ef2b361\" data-message-model-slug=\"gpt-5-2\">\n<div class=\"flex w-full flex-col gap-1 empty:hidden first:pt-[1px]\">\n<div class=\"markdown prose dark:prose-invert w-full wrap-break-word dark markdown-new-styling\">\n<h2 data-start=\"0\" data-end=\"126\"><strong data-start=\"3\" data-end=\"126\">Korean Lashlifting \u2013 Intensiver Schwung, extra Haltbarkeit &amp; gesunde Naturwimpern (Vor Ort im Studio, inkl. Starterset)<\/strong><\/h2>\n<hr data-start=\"128\" data-end=\"131\" \/>\n<h3 data-start=\"133\" data-end=\"166\"><strong data-start=\"137\" data-end=\"166\">Ausf\u00fchrliche Beschreibung<\/strong><\/h3>\n<p data-start=\"168\" data-end=\"627\">Die Schulung <strong data-start=\"181\" data-end=\"203\">Korean Lashlifting<\/strong> ist eine intensive <strong data-start=\"223\" data-end=\"258\">Vor-Ort-Weiterbildung im Studio<\/strong> f\u00fcr alle, die ihren Kundinnen einen besonders langanhaltenden Wimpernschwung und gepflegte Naturwimpern bieten m\u00f6chten. Diese <strong data-start=\"385\" data-end=\"429\">innovative Lashlifting-Technik aus Korea<\/strong> unterscheidet sich deutlich vom klassischen Lashlifting und sorgt f\u00fcr <strong data-start=\"500\" data-end=\"521\">extra Haltbarkeit<\/strong>, einen <strong data-start=\"529\" data-end=\"565\">intensiven Schwung vom Ansatz an<\/strong> und ein besonders <strong data-start=\"584\" data-end=\"626\">schonendes Arbeiten an der Naturwimper<\/strong>.<\/p>\n<p data-start=\"629\" data-end=\"982\">Du lernst Schritt f\u00fcr Schritt einen klaren, sicheren und reproduzierbaren Behandlungsablauf, den du direkt am Modell umsetzt. Dabei verstehst du genau, wie die Technik an unterschiedliche Wimpernstrukturen angepasst wird, welche Produkte wann eingesetzt werden und wie pr\u00e4zise Einwirkzeiten eingehalten werden m\u00fcssen, um perfekte Ergebnisse zu erzielen.<\/p>\n<p data-start=\"984\" data-end=\"1337\">Der Fokus liegt auf der praktischen Umsetzung unter Anleitung. Du bekommst direkte Korrekturen, wertvolle Tipps und entwickelst Sicherheit in Technik, Produkteinsatz und Ablauf. Ziel ist, dass du nach der Schulung Korean Lashliftings selbstbewusst, professionell und effizient durchf\u00fchren kannst, die sich deutlich von herk\u00f6mmlichen Ergebnissen abheben.<\/p>\n<hr data-start=\"1339\" data-end=\"1342\" \/>\n<h3 data-start=\"1344\" data-end=\"1368\"><strong data-start=\"1348\" data-end=\"1368\">Schulungsinhalte<\/strong><\/h3>\n<ul data-start=\"1370\" data-end=\"1822\">\n<li data-start=\"1370\" data-end=\"1431\">\n<p data-start=\"1372\" data-end=\"1431\">Grundlagen &amp; Wirkung der koreanischen Lashlifting-Technik<\/p>\n<\/li>\n<li data-start=\"1432\" data-end=\"1476\">\n<p data-start=\"1434\" data-end=\"1476\">Unterschiede zum klassischen Lashlifting<\/p>\n<\/li>\n<li data-start=\"1477\" data-end=\"1529\">\n<p data-start=\"1479\" data-end=\"1529\">Analyse der Naturwimpern &amp; richtige Einsch\u00e4tzung<\/p>\n<\/li>\n<li data-start=\"1530\" data-end=\"1572\">\n<p data-start=\"1532\" data-end=\"1572\">Vorbereitung der Wimpern &amp; Augenpartie<\/p>\n<\/li>\n<li data-start=\"1573\" data-end=\"1622\">\n<p data-start=\"1575\" data-end=\"1622\">Technik f\u00fcr intensiven, gleichm\u00e4\u00dfigen Schwung<\/p>\n<\/li>\n<li data-start=\"1623\" data-end=\"1666\">\n<p data-start=\"1625\" data-end=\"1666\">Produkteinsatz &amp; korrekte Einwirkzeiten<\/p>\n<\/li>\n<li data-start=\"1667\" data-end=\"1715\">\n<p data-start=\"1669\" data-end=\"1715\">Schonendes Arbeiten f\u00fcr gesunde Naturwimpern<\/p>\n<\/li>\n<li data-start=\"1716\" data-end=\"1749\">\n<p data-start=\"1718\" data-end=\"1749\">Styling, Finish &amp; Haltbarkeit<\/p>\n<\/li>\n<li data-start=\"1750\" data-end=\"1788\">\n<p data-start=\"1752\" data-end=\"1788\">Typische Fehler &amp; deren Vermeidung<\/p>\n<\/li>\n<li data-start=\"1789\" data-end=\"1822\">\n<p data-start=\"1791\" data-end=\"1822\">Professionelle Kundenberatung<\/p>\n<\/li>\n<\/ul>\n<hr data-start=\"1824\" data-end=\"1827\" \/>\n<h3 data-start=\"1829\" data-end=\"1851\"><strong data-start=\"1833\" data-end=\"1851\">Deine Vorteile<\/strong><\/h3>\n<ul data-start=\"1853\" data-end=\"2183\">\n<li data-start=\"1853\" data-end=\"1904\">\n<p data-start=\"1855\" data-end=\"1904\">Direkte Praxisarbeit mit pers\u00f6nlicher Anleitung<\/p>\n<\/li>\n<li data-start=\"1905\" data-end=\"1957\">\n<p data-start=\"1907\" data-end=\"1957\">Sicherheit in Technik, Ablauf und Produkteinsatz<\/p>\n<\/li>\n<li data-start=\"1958\" data-end=\"2018\">\n<p data-start=\"1960\" data-end=\"2018\"><strong data-start=\"1960\" data-end=\"1983\">L\u00e4ngere Haltbarkeit<\/strong> als beim klassischen Lashlifting<\/p>\n<\/li>\n<li data-start=\"2019\" data-end=\"2059\">\n<p data-start=\"2021\" data-end=\"2059\"><strong data-start=\"2021\" data-end=\"2043\">Intensiver Schwung<\/strong> vom Ansatz an<\/p>\n<\/li>\n<li data-start=\"2060\" data-end=\"2119\">\n<p data-start=\"2062\" data-end=\"2119\">Gepflegte, gesunde Naturwimpern statt trockener H\u00e4rchen<\/p>\n<\/li>\n<li data-start=\"2120\" data-end=\"2183\">\n<p data-start=\"2122\" data-end=\"2183\">Erweiterung deines Angebots mit einer modernen Trendtechnik<\/p>\n<\/li>\n<\/ul>\n<hr data-start=\"2185\" data-end=\"2188\" \/>\n<h3 data-start=\"2190\" data-end=\"2225\"><strong data-start=\"2194\" data-end=\"2225\">Im Schulungspaket enthalten<\/strong><\/h3>\n<ul data-start=\"2227\" data-end=\"2563\">\n<li data-start=\"2227\" data-end=\"2276\">\n<p data-start=\"2229\" data-end=\"2276\">Vor-Ort-Schulung Korean Lashlifting im Studio<\/p>\n<\/li>\n<li data-start=\"2277\" data-end=\"2303\">\n<p data-start=\"2279\" data-end=\"2303\">Praxisarbeit am Modell<\/p>\n<\/li>\n<li data-start=\"2304\" data-end=\"2353\">\n<p data-start=\"2306\" data-end=\"2353\">Pers\u00f6nliche Betreuung und direkte Korrekturen<\/p>\n<\/li>\n<li data-start=\"2354\" data-end=\"2410\">\n<p data-start=\"2356\" data-end=\"2410\">Strukturierter Behandlungsablauf Schritt f\u00fcr Schritt<\/p>\n<\/li>\n<li data-start=\"2411\" data-end=\"2441\">\n<p data-start=\"2413\" data-end=\"2441\">Produkt- &amp; Technikschulung<\/p>\n<\/li>\n<li data-start=\"2442\" data-end=\"2506\">\n<p data-start=\"2444\" data-end=\"2506\"><strong data-start=\"2444\" data-end=\"2481\">Starterset f\u00fcr Korean Lashlifting<\/strong> zur direkten Umsetzung<\/p>\n<\/li>\n<li data-start=\"2507\" data-end=\"2563\">\n<p data-start=\"2509\" data-end=\"2563\">Zeit f\u00fcr individuelle Fragen und intensive Betreuung<\/p>\n<\/li>\n<\/ul>\n<hr data-start=\"2565\" data-end=\"2568\" \/>\n<h3 data-start=\"2570\" data-end=\"2614\"><strong data-start=\"2574\" data-end=\"2614\">F\u00fcr wen ist diese Schulung geeignet?<\/strong><\/h3>\n<ul data-start=\"2616\" data-end=\"2817\">\n<li data-start=\"2616\" data-end=\"2662\">\n<p data-start=\"2618\" data-end=\"2662\">Kosmetikerinnen &amp; Beautydienstleisterinnen<\/p>\n<\/li>\n<li data-start=\"2663\" data-end=\"2722\">\n<p data-start=\"2665\" data-end=\"2722\">Studios, die ihr Lashlifting-Angebot verbessern m\u00f6chten<\/p>\n<\/li>\n<li data-start=\"2723\" data-end=\"2761\">\n<p data-start=\"2725\" data-end=\"2761\">Anf\u00e4ngerinnen mit Grundkenntnissen<\/p>\n<\/li>\n<li data-start=\"2762\" data-end=\"2817\">\n<p data-start=\"2764\" data-end=\"2817\">Fortgeschrittene zur Perfektionierung ihrer Technik<\/p>\n<\/li>\n<\/ul>\n<hr data-start=\"2819\" data-end=\"2822\" \/>\n<p data-start=\"2824\" data-end=\"3035\" data-is-last-node=\"\" data-is-only-node=\"\">Diese Schulung ist ideal f\u00fcr alle, die ihren Kundinnen <strong data-start=\"2879\" data-end=\"2901\">intensiven Schwung<\/strong>, <strong data-start=\"2903\" data-end=\"2924\">extra Haltbarkeit<\/strong> und <strong data-start=\"2929\" data-end=\"2955\">gepflegte Naturwimpern<\/strong> bieten m\u00f6chten \u2013 praxisnah, professionell und direkt umsetzbar im Studioalltag.<\/p>\n<\/div>\n<\/div>\n<\/div>\n<\/div>\n<\/div>\n<\/div>\n<\/article>\n<\/div>\n","protected":false},"excerpt":{"rendered":"<p>Innovative Lashlifting-Technik aus Korea.<\/p>\n<ul>\n<li>extra Haltbarkeit<\/li>\n<li>intensiven Schwung<\/li>\n<li>Naturwimpern<\/li>\n<\/ul>","protected":false},"featured_media":897,"template":"","meta":[],"product_brand":[],"product_cat":[33],"product_tag":[],"class_list":{"0":"post-691","1":"product","2":"type-product","3":"status-publish","4":"has-post-thumbnail","6":"product_cat-1-on-1-schulung","8":"first","9":"instock","10":"downloadable","11":"virtual","12":"purchasable","13":"product-type-simple"},"_links":{"self":[{"href":"https:\/\/houseofbeauty-byayse.de\/en\/wp-json\/wp\/v2\/product\/691","targetHints":{"allow":["GET"]}}],"collection":[{"href":"https:\/\/houseofbeauty-byayse.de\/en\/wp-json\/wp\/v2\/product"}],"about":[{"href":"https:\/\/houseofbeauty-byayse.de\/en\/wp-json\/wp\/v2\/types\/product"}],"version-history":[{"count":3,"href":"https:\/\/houseofbeauty-byayse.de\/en\/wp-json\/wp\/v2\/product\/691\/revisions"}],"predecessor-version":[{"id":920,"href":"https:\/\/houseofbeauty-byayse.de\/en\/wp-json\/wp\/v2\/product\/691\/revisions\/920"}],"wp:featuredmedia":[{"embeddable":true,"href":"https:\/\/houseofbeauty-byayse.de\/en\/wp-json\/wp\/v2\/media\/897"}],"wp:attachment":[{"href":"https:\/\/houseofbeauty-byayse.de\/en\/wp-json\/wp\/v2\/media?parent=691"}],"wp:term":[{"taxonomy":"product_brand","embeddable":true,"href":"https:\/\/houseofbeauty-byayse.de\/en\/wp-json\/wp\/v2\/product_brand?post=691"},{"taxonomy":"product_cat","embeddable":true,"href":"https:\/\/houseofbeauty-byayse.de\/en\/wp-json\/wp\/v2\/product_cat?post=691"},{"taxonomy":"product_tag","embeddable":true,"href":"https:\/\/houseofbeauty-byayse.de\/en\/wp-json\/wp\/v2\/product_tag?post=691"}],"curies":[{"name":"wp","href":"https:\/\/api.w.org\/{rel}","templated":true}]}}