{"id":707,"date":"2026-01-29T14:14:53","date_gmt":"2026-01-29T13:14:53","guid":{"rendered":"https:\/\/houseofbeauty-byayse.de\/?post_type=product&#038;p=707"},"modified":"2026-02-02T19:16:33","modified_gmt":"2026-02-02T18:16:33","slug":"anti-aging-mit-sofort-effekt-2","status":"publish","type":"product","link":"https:\/\/houseofbeauty-byayse.de\/en\/product\/anti-aging-mit-sofort-effekt-2\/","title":{"rendered":"Anti-Aging mit Sofort-Effekt (Zoom)"},"content":{"rendered":"<div class=\"flex flex-col text-sm pb-25\">\n<article class=\"text-token-text-primary w-full focus:outline-none [--shadow-height:45px] has-data-writing-block:pointer-events-none has-data-writing-block:-mt-(--shadow-height) has-data-writing-block:pt-(--shadow-height) [&amp;:has([data-writing-block])&gt;*]:pointer-events-auto scroll-mt-[calc(var(--header-height)+min(200px,max(70px,20svh)))]\" dir=\"auto\" tabindex=\"-1\" data-turn-id=\"request-WEB:622c1095-01be-4bf6-909f-aacf21609d01-12\" data-testid=\"conversation-turn-26\" data-scroll-anchor=\"true\" data-turn=\"assistant\">\n<div class=\"text-base my-auto mx-auto pb-10 [--thread-content-margin:--spacing(4)] @w-sm\/main:[--thread-content-margin:--spacing(6)] @w-lg\/main:[--thread-content-margin:--spacing(16)] px-(--thread-content-margin)\">\n<div class=\"[--thread-content-max-width:40rem] @w-lg\/main:[--thread-content-max-width:48rem] mx-auto max-w-(--thread-content-max-width) flex-1 group\/turn-messages focus-visible:outline-hidden relative flex w-full min-w-0 flex-col agent-turn\" tabindex=\"-1\">\n<div class=\"flex max-w-full flex-col grow\">\n<div class=\"min-h-8 text-message relative flex w-full flex-col items-end gap-2 text-start break-words whitespace-normal [.text-message+&amp;]:mt-1\" dir=\"auto\" data-message-author-role=\"assistant\" data-message-id=\"d9ab065f-673d-48e0-a482-a58bd6a86a5c\" data-message-model-slug=\"gpt-5-2\">\n<div class=\"flex w-full flex-col gap-1 empty:hidden first:pt-[1px]\">\n<div class=\"markdown prose dark:prose-invert w-full wrap-break-word dark markdown-new-styling\">\n<h2 data-start=\"0\" data-end=\"99\"><strong data-start=\"3\" data-end=\"99\">Anti-Aging mit Sofort-Effekt \u2013 Straffung, Lifting &amp; Glow in einer Behandlung (Live via Zoom)<\/strong><\/h2>\n<hr data-start=\"101\" data-end=\"104\" \/>\n<h3 data-start=\"106\" data-end=\"139\"><strong data-start=\"110\" data-end=\"139\">Ausf\u00fchrliche Beschreibung<\/strong><\/h3>\n<p data-start=\"141\" data-end=\"524\">Die Schulung <strong data-start=\"154\" data-end=\"186\">Anti-Aging mit Sofort-Effekt<\/strong> ist eine intensive <strong data-start=\"206\" data-end=\"233\">Live-Zoom-Weiterbildung<\/strong> f\u00fcr alle, die ihren Kundinnen eine Behandlung mit <strong data-start=\"284\" data-end=\"343\">direkt sichtbarem Straffungs-, Lifting- und Glow-Effekt<\/strong> anbieten m\u00f6chten. Diese Behandlung ist ideal f\u00fcr Kundinnen, die sich kurzfristig ein frisches, jugendliches Hautbild w\u00fcnschen \u2013 perfekt vor Events, Feiern oder besonderen Anl\u00e4ssen.<\/p>\n<p data-start=\"526\" data-end=\"877\">Du lernst Schritt f\u00fcr Schritt einen klaren, sicheren und reproduzierbaren Behandlungsablauf, der die Haut sofort straffer wirken l\u00e4sst und ihr neue Ausstrahlung verleiht. Dabei verstehst du, wie du die Haut optimal vorbereitest, welche Wirkstoffe gezielt eingesetzt werden und wie du die Behandlung individuell auf verschiedene Hautzust\u00e4nde abstimmst.<\/p>\n<p data-start=\"879\" data-end=\"1121\">Der Fokus liegt nicht nur auf dem Ablauf, sondern darauf, dass du genau verstehst, warum diese Behandlung sofort sichtbare Ergebnisse liefert. W\u00e4hrend der Schulung werden alle Schritte praxisnah erkl\u00e4rt und du kannst jederzeit Fragen stellen.<\/p>\n<p data-start=\"1123\" data-end=\"1307\">Ziel ist, dass du nach der Schulung eine Anti-Aging-Behandlung anbieten kannst, die deinen Kundinnen <strong data-start=\"1224\" data-end=\"1245\">sofortige Frische<\/strong>, <strong data-start=\"1247\" data-end=\"1270\">sichtbare Straffung<\/strong> und einen <strong data-start=\"1281\" data-end=\"1298\">gesunden Glow<\/strong> schenkt.<\/p>\n<hr data-start=\"1309\" data-end=\"1312\" \/>\n<h3 data-start=\"1314\" data-end=\"1338\"><strong data-start=\"1318\" data-end=\"1338\">Schulungsinhalte<\/strong><\/h3>\n<ul data-start=\"1340\" data-end=\"1774\">\n<li data-start=\"1340\" data-end=\"1393\">\n<p data-start=\"1342\" data-end=\"1393\">Grundlagen der Hautalterung und Spannkraftverlust<\/p>\n<\/li>\n<li data-start=\"1394\" data-end=\"1450\">\n<p data-start=\"1396\" data-end=\"1450\">Vorbereitung der Haut f\u00fcr maximale Wirkstoffaufnahme<\/p>\n<\/li>\n<li data-start=\"1451\" data-end=\"1510\">\n<p data-start=\"1453\" data-end=\"1510\">Schritt-f\u00fcr-Schritt Behandlungsablauf f\u00fcr Sofort-Effekt<\/p>\n<\/li>\n<li data-start=\"1511\" data-end=\"1561\">\n<p data-start=\"1513\" data-end=\"1561\">Auswahl und Kombination straffender Wirkstoffe<\/p>\n<\/li>\n<li data-start=\"1562\" data-end=\"1607\">\n<p data-start=\"1564\" data-end=\"1607\">Techniken f\u00fcr sichtbares Lifting und Glow<\/p>\n<\/li>\n<li data-start=\"1608\" data-end=\"1662\">\n<p data-start=\"1610\" data-end=\"1662\">Anpassung der Behandlung an verschiedene Hauttypen<\/p>\n<\/li>\n<li data-start=\"1663\" data-end=\"1719\">\n<p data-start=\"1665\" data-end=\"1719\">Sichtbares Finish f\u00fcr ein frisches, glattes Hautbild<\/p>\n<\/li>\n<li data-start=\"1720\" data-end=\"1774\">\n<p data-start=\"1722\" data-end=\"1774\">Kundenberatung und Einsatzm\u00f6glichkeiten vor Events<\/p>\n<\/li>\n<\/ul>\n<hr data-start=\"1776\" data-end=\"1779\" \/>\n<h3 data-start=\"1781\" data-end=\"1803\"><strong data-start=\"1785\" data-end=\"1803\">Deine Vorteile<\/strong><\/h3>\n<ul data-start=\"1805\" data-end=\"2155\">\n<li data-start=\"1805\" data-end=\"1871\">\n<p data-start=\"1807\" data-end=\"1871\"><strong data-start=\"1807\" data-end=\"1849\">Sofort sichtbare Straffung und Frische<\/strong> nach der Behandlung<\/p>\n<\/li>\n<li data-start=\"1872\" data-end=\"1927\">\n<p data-start=\"1874\" data-end=\"1927\"><strong data-start=\"1874\" data-end=\"1902\">Lifting- und Glow-Effekt<\/strong> ohne apparative Ger\u00e4te<\/p>\n<\/li>\n<li data-start=\"1928\" data-end=\"1974\">\n<p data-start=\"1930\" data-end=\"1974\">Sicherer, strukturierter Behandlungsablauf<\/p>\n<\/li>\n<li data-start=\"1975\" data-end=\"2035\">\n<p data-start=\"1977\" data-end=\"2035\">Ideale Zusatzbehandlung f\u00fcr Events und besondere Anl\u00e4sse<\/p>\n<\/li>\n<li data-start=\"2036\" data-end=\"2098\">\n<p data-start=\"2038\" data-end=\"2098\">Hohe Kundenzufriedenheit durch direkt sichtbare Ergebnisse<\/p>\n<\/li>\n<li data-start=\"2099\" data-end=\"2155\">\n<p data-start=\"2101\" data-end=\"2155\">Direkt umsetzbares Praxiswissen f\u00fcr den Studioalltag<\/p>\n<\/li>\n<\/ul>\n<hr data-start=\"2157\" data-end=\"2160\" \/>\n<h3 data-start=\"2162\" data-end=\"2197\"><strong data-start=\"2166\" data-end=\"2197\">Im Schulungspaket enthalten<\/strong><\/h3>\n<ul data-start=\"2199\" data-end=\"2464\">\n<li data-start=\"2199\" data-end=\"2250\">\n<p data-start=\"2201\" data-end=\"2250\">Live Zoom-Schulung Anti-Aging mit Sofort-Effekt<\/p>\n<\/li>\n<li data-start=\"2251\" data-end=\"2299\">\n<p data-start=\"2253\" data-end=\"2299\">Verst\u00e4ndliche Theorie &amp; praxisnahe Anleitung<\/p>\n<\/li>\n<li data-start=\"2300\" data-end=\"2356\">\n<p data-start=\"2302\" data-end=\"2356\">Strukturierter Behandlungsablauf Schritt f\u00fcr Schritt<\/p>\n<\/li>\n<li data-start=\"2357\" data-end=\"2387\">\n<p data-start=\"2359\" data-end=\"2387\">Produkt- &amp; Technikschulung<\/p>\n<\/li>\n<li data-start=\"2388\" data-end=\"2420\">\n<p data-start=\"2390\" data-end=\"2420\">Zeit f\u00fcr individuelle Fragen<\/p>\n<\/li>\n<li data-start=\"2421\" data-end=\"2464\">\n<p data-start=\"2423\" data-end=\"2464\">Praxisnahe Tipps zur direkten Umsetzung<\/p>\n<\/li>\n<\/ul>\n<hr data-start=\"2466\" data-end=\"2469\" \/>\n<h3 data-start=\"2471\" data-end=\"2515\"><strong data-start=\"2475\" data-end=\"2515\">F\u00fcr wen ist diese Schulung geeignet?<\/strong><\/h3>\n<ul data-start=\"2517\" data-end=\"2738\">\n<li data-start=\"2517\" data-end=\"2563\">\n<p data-start=\"2519\" data-end=\"2563\">Kosmetikerinnen &amp; Beautydienstleisterinnen<\/p>\n<\/li>\n<li data-start=\"2564\" data-end=\"2631\">\n<p data-start=\"2566\" data-end=\"2631\">Studios, die effektive Anti-Aging-Behandlungen anbieten m\u00f6chten<\/p>\n<\/li>\n<li data-start=\"2632\" data-end=\"2686\">\n<p data-start=\"2634\" data-end=\"2686\">Anf\u00e4ngerinnen mit Grundkenntnissen in der Kosmetik<\/p>\n<\/li>\n<li data-start=\"2687\" data-end=\"2738\">\n<p data-start=\"2689\" data-end=\"2738\">Fortgeschrittene zur Erweiterung ihres Angebots<\/p>\n<\/li>\n<\/ul>\n<hr data-start=\"2740\" data-end=\"2743\" \/>\n<p data-start=\"2745\" data-end=\"2997\" data-is-last-node=\"\" data-is-only-node=\"\">Diese Schulung ist ideal f\u00fcr alle, die ihren Kundinnen eine Behandlung anbieten m\u00f6chten, die <strong data-start=\"2838\" data-end=\"2868\">sofort sichtbare Straffung<\/strong>, <strong data-start=\"2870\" data-end=\"2894\">frische Ausstrahlung<\/strong> und einen <strong data-start=\"2905\" data-end=\"2926\">jugendlichen Glow<\/strong> verleiht \u2013 professionell, wirksam und perfekt f\u00fcr schnelle Ergebnisse.<\/p>\n<\/div>\n<\/div>\n<\/div>\n<\/div>\n<\/div>\n<\/div>\n<\/article>\n<\/div>\n","protected":false},"excerpt":{"rendered":"<p>Straffende Behandlung mit sofort sichtbarem Lifting- und Glow-Effekt &#8211; ideal f\u00fcr Events und schnelle Ergebnisse.<\/p>","protected":false},"featured_media":887,"template":"","meta":[],"product_brand":[],"product_cat":[32],"product_tag":[],"class_list":{"0":"post-707","1":"product","2":"type-product","3":"status-publish","4":"has-post-thumbnail","6":"product_cat-online-schulung","8":"first","9":"instock","10":"virtual","11":"purchasable","12":"product-type-simple"},"_links":{"self":[{"href":"https:\/\/houseofbeauty-byayse.de\/en\/wp-json\/wp\/v2\/product\/707","targetHints":{"allow":["GET"]}}],"collection":[{"href":"https:\/\/houseofbeauty-byayse.de\/en\/wp-json\/wp\/v2\/product"}],"about":[{"href":"https:\/\/houseofbeauty-byayse.de\/en\/wp-json\/wp\/v2\/types\/product"}],"version-history":[{"count":3,"href":"https:\/\/houseofbeauty-byayse.de\/en\/wp-json\/wp\/v2\/product\/707\/revisions"}],"predecessor-version":[{"id":912,"href":"https:\/\/houseofbeauty-byayse.de\/en\/wp-json\/wp\/v2\/product\/707\/revisions\/912"}],"wp:featuredmedia":[{"embeddable":true,"href":"https:\/\/houseofbeauty-byayse.de\/en\/wp-json\/wp\/v2\/media\/887"}],"wp:attachment":[{"href":"https:\/\/houseofbeauty-byayse.de\/en\/wp-json\/wp\/v2\/media?parent=707"}],"wp:term":[{"taxonomy":"product_brand","embeddable":true,"href":"https:\/\/houseofbeauty-byayse.de\/en\/wp-json\/wp\/v2\/product_brand?post=707"},{"taxonomy":"product_cat","embeddable":true,"href":"https:\/\/houseofbeauty-byayse.de\/en\/wp-json\/wp\/v2\/product_cat?post=707"},{"taxonomy":"product_tag","embeddable":true,"href":"https:\/\/houseofbeauty-byayse.de\/en\/wp-json\/wp\/v2\/product_tag?post=707"}],"curies":[{"name":"wp","href":"https:\/\/api.w.org\/{rel}","templated":true}]}}