{"id":983,"date":"2026-03-12T21:18:21","date_gmt":"2026-03-12T20:18:21","guid":{"rendered":"https:\/\/houseofbeauty-byayse.de\/?post_type=product&#038;p=983"},"modified":"2026-03-17T18:38:26","modified_gmt":"2026-03-17T17:38:26","slug":"korean-lash-lifting-workshop","status":"publish","type":"product","link":"https:\/\/houseofbeauty-byayse.de\/en\/product\/korean-lash-lifting-workshop\/","title":{"rendered":"Korean Lash Lifting Workshop"},"content":{"rendered":"<h2 data-section-id=\"1en7zp9\" data-start=\"855\" data-end=\"886\">Korean Lash Lifting Workshop<\/h2>\n<p data-start=\"888\" data-end=\"1074\">In diesem intensiven Workshop lernst du die moderne <strong data-start=\"940\" data-end=\"971\">Korean Lash Lifting Technik<\/strong>, die sich durch besonders sch\u00f6nen Schwung, lange Haltbarkeit und ein nat\u00fcrliches Ergebnis auszeichnet.<\/p>\n<p data-start=\"1076\" data-end=\"1257\">Der Workshop richtet sich an Kosmetikerinnen und Beautydienstleisterinnen, die ihr Behandlungsangebot erweitern und ihren Kundinnen eine gefragte Beauty-Behandlung anbieten m\u00f6chten.<\/p>\n<p data-start=\"1259\" data-end=\"1346\">Du erh\u00e4ltst praxisnahes Wissen, klare Abl\u00e4ufe und wertvolle Tipps aus dem Studioalltag.<\/p>\n<hr data-start=\"1348\" data-end=\"1351\" \/>\n<h2 data-section-id=\"1u5g1ky\" data-start=\"1353\" data-end=\"1385\">Das erwartet dich im Workshop<\/h2>\n<p data-start=\"1387\" data-end=\"1494\">\ud83d\udcda <strong data-start=\"1390\" data-end=\"1401\">Theorie<\/strong><br data-start=\"1401\" data-end=\"1404\" \/>Grundlagen der Korean Lash Lifting Technik, Produktkunde und wichtige Behandlungsschritte.<\/p>\n<p data-start=\"1496\" data-end=\"1584\">\ud83d\udc41 <strong data-start=\"1499\" data-end=\"1528\">Live-Vorf\u00fchrung am Modell<\/strong><br data-start=\"1528\" data-end=\"1531\" \/>Die Behandlung wird Schritt f\u00fcr Schritt demonstriert.<\/p>\n<p data-start=\"1586\" data-end=\"1693\">\ud83d\udcac <strong data-start=\"1589\" data-end=\"1623\">Praxisbesprechung &amp; Fragerunde<\/strong><br data-start=\"1623\" data-end=\"1626\" \/>Gemeinsame Analyse der Technik sowie Tipps f\u00fcr perfekte Ergebnisse.<\/p>\n<p data-start=\"1695\" data-end=\"1775\">\ud83c\udfc6 <strong data-start=\"1698\" data-end=\"1721\">Zertifikats\u00fcbergabe<\/strong><br data-start=\"1721\" data-end=\"1724\" \/>Zum Abschluss erh\u00e4ltst du dein Teilnahmezertifikat.<\/p>\n<hr data-start=\"1777\" data-end=\"1780\" \/>\n<h2 data-section-id=\"5zo98d\" data-start=\"1782\" data-end=\"1800\">Workshop Ablauf<\/h2>\n<p data-start=\"1802\" data-end=\"1850\"><strong data-start=\"1802\" data-end=\"1823\">10:00 \u2013 10:30 Uhr<\/strong><br data-start=\"1823\" data-end=\"1826\" \/>Begr\u00fc\u00dfung &amp; Kennenlernen<\/p>\n<p data-start=\"1852\" data-end=\"1883\"><strong data-start=\"1852\" data-end=\"1873\">10:30 \u2013 11:30 Uhr<\/strong><br data-start=\"1873\" data-end=\"1876\" \/>Theorie<\/p>\n<p data-start=\"1885\" data-end=\"1914\"><strong data-start=\"1885\" data-end=\"1906\">11:30 \u2013 11:45 Uhr<\/strong><br data-start=\"1906\" data-end=\"1909\" \/>Pause<\/p>\n<p data-start=\"1916\" data-end=\"1958\"><strong data-start=\"1916\" data-end=\"1937\">11:45 \u2013 13:15 Uhr<\/strong><br data-start=\"1937\" data-end=\"1940\" \/>Live Vorf\u00fchrmodell<\/p>\n<p data-start=\"1960\" data-end=\"1995\"><strong data-start=\"1960\" data-end=\"1981\">13:15 \u2013 13:30 Uhr<\/strong><br data-start=\"1981\" data-end=\"1984\" \/>Kurze Pause<\/p>\n<p data-start=\"1997\" data-end=\"2038\"><strong data-start=\"1997\" data-end=\"2018\">13:30 \u2013 14:15 Uhr<\/strong><br data-start=\"2018\" data-end=\"2021\" \/>Praxisbesprechung<\/p>\n<p data-start=\"2040\" data-end=\"2107\"><strong data-start=\"2040\" data-end=\"2061\">14:15 \u2013 15:00 Uhr<\/strong><br data-start=\"2061\" data-end=\"2064\" \/>Frage &amp; Antwort Runde + Zertifikats\u00fcbergabe<\/p>\n<hr data-start=\"2109\" data-end=\"2112\" \/>\n<h2 data-section-id=\"haaoaq\" data-start=\"2114\" data-end=\"2133\">Workshop Details<\/h2>\n<p data-start=\"2135\" data-end=\"2269\">\ud83d\udcc5 <strong data-start=\"2138\" data-end=\"2148\">Datum:<\/strong> 12.04.2026<br data-start=\"2159\" data-end=\"2162\" \/>\u23f0 <strong data-start=\"2164\" data-end=\"2176\">Uhrzeit:<\/strong> 10:00 \u2013 15:00 Uhr<br data-start=\"2194\" data-end=\"2197\" \/>\ud83d\udccd <strong data-start=\"2200\" data-end=\"2208\">Ort:<\/strong> House of Beauty<br data-start=\"2224\" data-end=\"2227\" \/>\ud83d\udc65 <strong data-start=\"2230\" data-end=\"2249\">Teilnehmerzahl:<\/strong> Maximal 10 Personen<\/p>\n<p data-start=\"2271\" data-end=\"2309\">\u2615 <strong data-start=\"2273\" data-end=\"2309\">Snacks &amp; Getr\u00e4nke sind inklusive<\/strong><\/p>\n<hr data-start=\"2311\" data-end=\"2314\" \/>\n<h2 data-section-id=\"bgzk67\" data-start=\"2316\" data-end=\"2356\">F\u00fcr wen ist dieser Workshop geeignet?<\/h2>\n<ul data-start=\"2358\" data-end=\"2461\">\n<li data-section-id=\"p4020k\" data-start=\"2358\" data-end=\"2377\">\n<p data-start=\"2360\" data-end=\"2377\">Kosmetikerinnen<\/p>\n<\/li>\n<li data-section-id=\"ormwv9\" data-start=\"2378\" data-end=\"2406\">\n<p data-start=\"2380\" data-end=\"2406\">Beautydienstleisterinnen<\/p>\n<\/li>\n<li data-section-id=\"1pr4l5t\" data-start=\"2407\" data-end=\"2429\">\n<p data-start=\"2409\" data-end=\"2429\">Studioinhaberinnen<\/p>\n<\/li>\n<li data-section-id=\"epbrrt\" data-start=\"2430\" data-end=\"2461\">\n<p data-start=\"2432\" data-end=\"2461\">Anf\u00e4ngerinnen im Lash Bereich<\/p>\n<\/li>\n<\/ul>\n<hr data-start=\"2463\" data-end=\"2466\" \/>\n<h2 data-section-id=\"1nj396y\" data-start=\"2468\" data-end=\"2478\">Wichtig<\/h2>\n<p data-start=\"2480\" data-end=\"2610\">Die Pl\u00e4tze sind <strong data-start=\"2496\" data-end=\"2539\">streng limitiert auf 10 Teilnehmerinnen<\/strong>, um eine pers\u00f6nliche Betreuung w\u00e4hrend des Workshops zu gew\u00e4hrleisten.<\/p>","protected":false},"excerpt":{"rendered":"<p data-start=\"300\" data-end=\"366\"><strong data-start=\"300\" data-end=\"366\">Korean Lash Lifting Workshop \u2013 Intensivtraining am Live-Modell<\/strong><\/p>\n<p data-start=\"368\" data-end=\"536\">Lerne die innovative Korean Lash Lifting Technik und erweitere dein Studioangebot mit einer modernen Behandlung, die f\u00fcr intensiven Schwung und lange Haltbarkeit sorgt.<\/p>\n<p data-start=\"538\" data-end=\"686\">\ud83d\udcc5 <strong>12.04.2026<\/strong><br data-start=\"555\" data-end=\"558\" \/>\u23f0 <strong data-start=\"560\" data-end=\"581\">10:00 \u2013 15:00 Uhr<\/strong><br data-start=\"581\" data-end=\"584\" \/>\ud83d\udc69\u200d\ud83c\udfeb <strong data-start=\"590\" data-end=\"617\">Training am Live-Modell<\/strong><br data-start=\"617\" data-end=\"620\" \/>\u2615 <strong data-start=\"622\" data-end=\"653\">Snacks &amp; Getr\u00e4nke inklusive<\/strong><br data-start=\"653\" data-end=\"656\" \/>\ud83d\udc65 <strong data-start=\"659\" data-end=\"686\">Nur 10 Pl\u00e4tze verf\u00fcgbar<\/strong><\/p>\n<p data-start=\"688\" data-end=\"808\">Perfekt f\u00fcr Kosmetikerinnen und Beautydienstleisterinnen, die ihr Angebot erweitern und neue Kundinnen gewinnen m\u00f6chten.<\/p>","protected":false},"featured_media":992,"template":"","meta":[],"product_brand":[],"product_cat":[51],"product_tag":[],"class_list":{"0":"post-983","1":"product","2":"type-product","3":"status-publish","4":"has-post-thumbnail","6":"product_cat-workshops","8":"first","9":"instock","10":"downloadable","11":"virtual","12":"purchasable","13":"product-type-simple"},"_links":{"self":[{"href":"https:\/\/houseofbeauty-byayse.de\/en\/wp-json\/wp\/v2\/product\/983","targetHints":{"allow":["GET"]}}],"collection":[{"href":"https:\/\/houseofbeauty-byayse.de\/en\/wp-json\/wp\/v2\/product"}],"about":[{"href":"https:\/\/houseofbeauty-byayse.de\/en\/wp-json\/wp\/v2\/types\/product"}],"version-history":[{"count":4,"href":"https:\/\/houseofbeauty-byayse.de\/en\/wp-json\/wp\/v2\/product\/983\/revisions"}],"predecessor-version":[{"id":996,"href":"https:\/\/houseofbeauty-byayse.de\/en\/wp-json\/wp\/v2\/product\/983\/revisions\/996"}],"wp:featuredmedia":[{"embeddable":true,"href":"https:\/\/houseofbeauty-byayse.de\/en\/wp-json\/wp\/v2\/media\/992"}],"wp:attachment":[{"href":"https:\/\/houseofbeauty-byayse.de\/en\/wp-json\/wp\/v2\/media?parent=983"}],"wp:term":[{"taxonomy":"product_brand","embeddable":true,"href":"https:\/\/houseofbeauty-byayse.de\/en\/wp-json\/wp\/v2\/product_brand?post=983"},{"taxonomy":"product_cat","embeddable":true,"href":"https:\/\/houseofbeauty-byayse.de\/en\/wp-json\/wp\/v2\/product_cat?post=983"},{"taxonomy":"product_tag","embeddable":true,"href":"https:\/\/houseofbeauty-byayse.de\/en\/wp-json\/wp\/v2\/product_tag?post=983"}],"curies":[{"name":"wp","href":"https:\/\/api.w.org\/{rel}","templated":true}]}}